{"id":8430,"date":"2023-01-09T20:24:08","date_gmt":"2023-01-09T19:24:08","guid":{"rendered":"https:\/\/ffw-weilersbach.de\/wordpress\/?page_id=8430"},"modified":"2025-01-06T12:52:40","modified_gmt":"2025-01-06T11:52:40","slug":"fruehjahrslauf-2023","status":"publish","type":"page","link":"https:\/\/ffw-weilersbach.de\/wordpress\/laufteam-ffw\/fruehjahrslauf-2\/fruehjahrslauf-2023","title":{"rendered":"Fr\u00fchjahrslauf 2023"},"content":{"rendered":"<p><strong>7. Weilersbacher Fr\u00fchjahrslauf (Samstag, 22.04.2023)<\/strong><\/p>\n<h1><a href=\"http:\/\/www.wkm-iad.de\/wk_ergebnisse.php?wknr=306\" target=\"_blank\" rel=\"noopener\"><strong>Ergebnisse<\/strong><\/a><\/h1>\nngg_shortcode_0_placeholder\n<p>Am Samstag, den 22. April 2023 richtet die Feuerwehr Weilersbach den 7. Weilersbacher Fr\u00fchjahrslauf aus. An diesem Lauf kann nat\u00fcrlich jeder teilnehmen, nicht nur Feuerwehren.<\/p>\n<p><em>Wer sich innerhalb der offiziellen Anmeldezeit f\u00fcr den Lauf anmeldet erh\u00e4lt eine personalisierte Startnummer.<\/em><\/p>\n<p><strong>Anmeldeschluss: 19.04.2023 um 24:00 Uhr<\/strong><\/p>\n<p><a href=\"https:\/\/www.wkm-iad.de\/fjl23_oam.php\" target=\"_blank\" rel=\"noopener\">Anmeldung<\/a><\/p>\n<p><a href=\"http:\/\/www.wkm-iad.de\/wk_teilnehmer.php?wknr=306\" target=\"_blank\" rel=\"noopener\">Teilnehmerliste<\/a><\/p>\n<p><strong>Ausschreibung<\/strong><\/p>\n<p><a href=\"https:\/\/ffw-weilersbach.de\/wordpress\/wp-content\/uploads\/2023\/01\/Ausschreibung-Weilersbachlauf.pdf\">Ausschreibung-Weilersbachlauf<\/a><\/p>\n<p><strong>Streckenbeschreibung<\/strong><\/p>\n<p>F\u00fcr die Haupl\u00e4ufe, 6km, 10km und Nordic Walking, gibt es einen Rundkurs durch Weilersbach. Dazu z\u00e4hlt ein 1km langer Anlauf sowie ein 1km langer Auslauf. Eine Runde betr\u00e4gt 4 km, somit muss diese beim 6km Lauf und beim Nordic Walking einmal und beim 10km Lauf zweimal bew\u00e4ltigt werden.<\/p>\n<p><a title=\"Streckenbeschreibung\" href=\"http:\/\/fruehjahrslauf.ffw-weilersbach.de\/Streckenbeschreibung.pdf\" target=\"_blank\" rel=\"noopener noreferrer\">Streckenbeschreibung<\/a><\/p>\n<p><strong>Partnerl\u00e4ufe<\/strong><\/p>\n<p><a href=\"https:\/\/www.wiesent-challenge.de\/\" target=\"_blank\" rel=\"noopener\">Wiesent Challenge<\/a><\/p>\n<p><a href=\"http:\/\/www.sportgruppe-neunkirchen.de\/aktivitaeten\/br_ba_lauf\/br_ba_lauf.htm\" target=\"_blank\" rel=\"noopener\">Brandbachlauf<\/a><\/p>\n<p><strong>Sponsoren<\/strong><\/p>\n<p>folgen<\/p>\n","protected":false},"excerpt":{"rendered":"<p>7. Weilersbacher Fr\u00fchjahrslauf (Samstag, 22.04.2023) Ergebnisse &nbsp; Am Samstag, den 22. April 2023 richtet die Feuerwehr Weilersbach den 7. Weilersbacher Fr\u00fchjahrslauf aus. An diesem Lauf kann nat\u00fcrlich jeder teilnehmen, nicht &hellip; <\/p>\n","protected":false},"author":9,"featured_media":0,"parent":12592,"menu_order":0,"comment_status":"closed","ping_status":"closed","template":"","meta":{"ngg_post_thumbnail":0,"footnotes":""},"class_list":["post-8430","page","type-page","status-publish","hentry"],"_links":{"self":[{"href":"https:\/\/ffw-weilersbach.de\/wordpress\/wp-json\/wp\/v2\/pages\/8430","targetHints":{"allow":["GET"]}}],"collection":[{"href":"https:\/\/ffw-weilersbach.de\/wordpress\/wp-json\/wp\/v2\/pages"}],"about":[{"href":"https:\/\/ffw-weilersbach.de\/wordpress\/wp-json\/wp\/v2\/types\/page"}],"author":[{"embeddable":true,"href":"https:\/\/ffw-weilersbach.de\/wordpress\/wp-json\/wp\/v2\/users\/9"}],"replies":[{"embeddable":true,"href":"https:\/\/ffw-weilersbach.de\/wordpress\/wp-json\/wp\/v2\/comments?post=8430"}],"version-history":[{"count":7,"href":"https:\/\/ffw-weilersbach.de\/wordpress\/wp-json\/wp\/v2\/pages\/8430\/revisions"}],"predecessor-version":[{"id":9624,"href":"https:\/\/ffw-weilersbach.de\/wordpress\/wp-json\/wp\/v2\/pages\/8430\/revisions\/9624"}],"up":[{"embeddable":true,"href":"https:\/\/ffw-weilersbach.de\/wordpress\/wp-json\/wp\/v2\/pages\/12592"}],"wp:attachment":[{"href":"https:\/\/ffw-weilersbach.de\/wordpress\/wp-json\/wp\/v2\/media?parent=8430"}],"curies":[{"name":"wp","href":"https:\/\/api.w.org\/{rel}","templated":true}]}}