{"id":7194,"date":"2021-12-29T14:54:12","date_gmt":"2021-12-29T13:54:12","guid":{"rendered":"https:\/\/ffw-weilersbach.de\/wordpress\/?page_id=7194"},"modified":"2025-01-06T13:28:49","modified_gmt":"2025-01-06T12:28:49","slug":"quereinsteiger","status":"publish","type":"page","link":"https:\/\/ffw-weilersbach.de\/wordpress\/mitmachen\/quereinsteiger","title":{"rendered":"Quereinsteiger"},"content":{"rendered":"<h2 style=\"text-align: center;\"><strong>Ausbildung zur Feuerwehrfrau, <\/strong><\/h2>\n<h2 style=\"text-align: center;\"><strong>Ausbildung zum Feuerwehrmann<\/strong><\/h2>\n<p>&nbsp;<\/p>\n<p data-wp-editing=\"1\"><img loading=\"lazy\" decoding=\"async\" class=\"aligncenter wp-image-7206\" src=\"https:\/\/ffw-weilersbach.de\/wordpress\/wp-content\/uploads\/2021\/12\/patrickfeuerbild-700x1050.jpg\" alt=\"\" width=\"250\" height=\"375\" srcset=\"https:\/\/ffw-weilersbach.de\/wordpress\/wp-content\/uploads\/2021\/12\/patrickfeuerbild-700x1050.jpg 700w, https:\/\/ffw-weilersbach.de\/wordpress\/wp-content\/uploads\/2021\/12\/patrickfeuerbild-200x300.jpg 200w, https:\/\/ffw-weilersbach.de\/wordpress\/wp-content\/uploads\/2021\/12\/patrickfeuerbild-768x1152.jpg 768w, https:\/\/ffw-weilersbach.de\/wordpress\/wp-content\/uploads\/2021\/12\/patrickfeuerbild-1024x1536.jpg 1024w, https:\/\/ffw-weilersbach.de\/wordpress\/wp-content\/uploads\/2021\/12\/patrickfeuerbild-1365x2048.jpg 1365w, https:\/\/ffw-weilersbach.de\/wordpress\/wp-content\/uploads\/2021\/12\/patrickfeuerbild-scaled.jpg 1707w\" sizes=\"auto, (max-width: 250px) 100vw, 250px\" \/><\/p>\n<h3><span style=\"color: #000000;\"><em><strong>Schon mal daran gedacht, Mitglied bei der Freiwilligen Feuerwehr zu werden?<\/strong><\/em><\/span><\/h3>\n<p><span style=\"color: #333399;\">Stehst Du schon mitten im Leben und \u00fcberlegst Dich bei der Feuerwehr zu engagieren? Dann bist Du bei unseren &#8222;Quereinsteigern&#8220; genau richtig. Wir, die freiwillige Feuerwehr Weilersbach, sind st\u00e4ndig auf der Suche nach feuerwehrinteressierten B\u00fcrgerinnen und B\u00fcrgern, die in Weilersbach wohnen und\/oder arbeiten und sich ehrenamtlich engagieren wollen, um anderen in der Not zu helfen<\/span><\/p>\n<p><img loading=\"lazy\" decoding=\"async\" class=\"aligncenter wp-image-7215\" src=\"https:\/\/ffw-weilersbach.de\/wordpress\/wp-content\/uploads\/2021\/12\/43280686_1802073429910242_4923123962600226816_n-700x394.jpg\" alt=\"\" width=\"450\" height=\"253\" srcset=\"https:\/\/ffw-weilersbach.de\/wordpress\/wp-content\/uploads\/2021\/12\/43280686_1802073429910242_4923123962600226816_n-700x394.jpg 700w, https:\/\/ffw-weilersbach.de\/wordpress\/wp-content\/uploads\/2021\/12\/43280686_1802073429910242_4923123962600226816_n-300x169.jpg 300w, https:\/\/ffw-weilersbach.de\/wordpress\/wp-content\/uploads\/2021\/12\/43280686_1802073429910242_4923123962600226816_n-768x432.jpg 768w, https:\/\/ffw-weilersbach.de\/wordpress\/wp-content\/uploads\/2021\/12\/43280686_1802073429910242_4923123962600226816_n.jpg 960w\" sizes=\"auto, (max-width: 450px) 100vw, 450px\" \/><\/p>\n<h3><em><strong>Du m\u00f6chtest Dich auch im Feuerwehr-Dienst bet\u00e4tigen, scheust aber die lange feuerwehrtechnische Ausbildung?<\/strong><\/em><\/h3>\n<p><span style=\"color: #000080;\">Kein Problem &#8211; als Quereinsteiger erm\u00f6glichen wir auch Erwachsenen und Sp\u00e4tberufenen den einfachen Einstieg in den Feuerwehrdienst.<\/span><\/p>\n<h3><em><strong>Wer kann bei der freiwilligen Feuerwehr in Weilersbach mitmachen?<\/strong><\/em><\/h3>\n<p><span style=\"color: #000080;\">Jeder kann bei der Feuerwehr mitmachen. Egal ob jung oder alt, egal ob Mann oder Frau. Ab 18 Jahre kannst du als Quereinsteiger dazu sto\u00dfen und alles in kurzer Zeit nachholen, was man sonst in der Jugendfeuerwehr lernt. Alle J\u00fcngeren sind in der Jugendfeuerwehr herzlich willkommen.<\/span><\/p>\n<h3><em><strong>Kostet das etwas?<\/strong><\/em><\/h3>\n<p><span style=\"color: #000080;\">Nein! Jedem Feuerwehrmitglied wird die gesamte pers\u00f6nliche Schutzausr\u00fcstung kostenfrei zur Verf\u00fcgung gestellt. Die Versicherung, Lehrgangskosten sowie etwaige Verdienstausf\u00e4lle \u00fcbernimmt die Gemeinde als Tr\u00e4ger der Feuerwehr. Bei allen \u00dcbungen, Eins\u00e4tzen und Vereinsveranstaltungen bist Du zudem \u00fcber die Feuerwehr versichert.<\/span><\/p>\n<p><img loading=\"lazy\" decoding=\"async\" class=\"aligncenter wp-image-7216\" src=\"https:\/\/ffw-weilersbach.de\/wordpress\/wp-content\/uploads\/2021\/12\/43308193_1802094236574828_2393802157024346112_n-700x525.jpg\" alt=\"\" width=\"450\" height=\"338\" srcset=\"https:\/\/ffw-weilersbach.de\/wordpress\/wp-content\/uploads\/2021\/12\/43308193_1802094236574828_2393802157024346112_n-700x525.jpg 700w, https:\/\/ffw-weilersbach.de\/wordpress\/wp-content\/uploads\/2021\/12\/43308193_1802094236574828_2393802157024346112_n-300x225.jpg 300w, https:\/\/ffw-weilersbach.de\/wordpress\/wp-content\/uploads\/2021\/12\/43308193_1802094236574828_2393802157024346112_n-768x576.jpg 768w, https:\/\/ffw-weilersbach.de\/wordpress\/wp-content\/uploads\/2021\/12\/43308193_1802094236574828_2393802157024346112_n.jpg 960w\" sizes=\"auto, (max-width: 450px) 100vw, 450px\" \/><\/p>\n<h3><em><strong>Wie sieht die Ausbildung aus?<\/strong><\/em><\/h3>\n<p><span style=\"color: #000080;\">Die notwendige Feuerwehr-Grundausbildung erfolgt im Rahmen von speziellen Schulungen (zum Teil Online-Form\/Selbststudium) und der Teilnahme an der weiterf\u00fchrenden Ausbildung. Parallel \u00fcben die Quereinsteiger aber auch schon mit der aktiven Mannschaft mit. Innerhalb von ein bis zwei Jahren soll so ein reibungsloser Schnelleinstieg in die aktive Mannschaft der Feuerwehr erm\u00f6glicht werden.<\/span><\/p>\n<h3><em><strong>Wie lange bin ich verpflichtet? Gibt es eine Probezeit?<\/strong><\/em><\/h3>\n<p><span style=\"color: #000080;\">Du kannst jederzeit wieder aufh\u00f6ren, wenn du merkst, es ist nichts f\u00fcr dich.<\/span><\/p>\n<h3><em><strong>Wie kann ich Mitglied werden?<\/strong><\/em><\/h3>\n<p><span style=\"color: #000080;\">Ganz einfach! Falls Du Interesse an der aktiven Mitarbeit in der Feuerwehr hast, sende uns einfach eine Nachricht an: <span style=\"color: #ff0000;\">quereinsteiger@ffw-weilersbach.de<\/span><\/span><br \/>\n<span style=\"color: #000080;\">Wir setzen uns umgehend mit Dir in Verbindung, um weitere Details zu kl\u00e4ren.<\/span><\/p>\n<h3><em><strong>Hast Du Fragen?<\/strong><\/em><\/h3>\n<p><span style=\"color: #000080;\">Haben wir Dein Interesse geweckt? Dann informiere Dich doch noch etwas auf unserer Homepage. Solltest Du in Deiner Entscheidung noch unsicher sein, dann schau doch einfach mal unverbindlich bei einer \u00dcbung vorbei. Zudem stehen dir alle Kameraden gern vor und nach \u00dcbungen f\u00fcr Fragen zur Verf\u00fcgung. Wir freuen uns auf Dich!<\/span><br \/>\n<span style=\"color: #000080;\">Wenn Du deine Entscheidung schon getroffen hast, dann kannst Du gerne mit uns in Kontakt treten.<\/span><\/p>\n<h3><em><strong>Zeig was in Dir steckt!<\/strong><\/em><\/h3>\n<p><span style=\"color: #000080;\">Feuerwehrdienst zu leisten hei\u00dft mit Gefahren richtig umzugehen. Unser Ziel ist nicht unkontrolliertes Heldentum, sondern m\u00f6glichst alles Gefahren an einer Einsatzstelle rechtzeitig zu erkennen und auszuschalten. Die Eins\u00e4tze sind oftmals k\u00f6rperlich anstrengend. Deshalb solltest Du gesund sein und unter keinen Erkrankungen leiden, die Dich einschr\u00e4nken. Wie stellen wir uns unsere neue Kameradin oder unseren neuen Kameraden vor? Du solltest Dich f\u00fcr moderne Technik interessieren, Spa\u00df an Arbeit im Team &nbsp;haben und zuverl\u00e4ssig sein. Dann kannst Du uns zeigen, was noch alles in dir steckt.<\/span><\/p>\n<p><img loading=\"lazy\" decoding=\"async\" class=\"aligncenter wp-image-7214\" src=\"https:\/\/ffw-weilersbach.de\/wordpress\/wp-content\/uploads\/2021\/12\/DSC_1449-700x467.jpg\" alt=\"\" width=\"450\" height=\"300\" srcset=\"https:\/\/ffw-weilersbach.de\/wordpress\/wp-content\/uploads\/2021\/12\/DSC_1449-700x467.jpg 700w, https:\/\/ffw-weilersbach.de\/wordpress\/wp-content\/uploads\/2021\/12\/DSC_1449-300x200.jpg 300w, https:\/\/ffw-weilersbach.de\/wordpress\/wp-content\/uploads\/2021\/12\/DSC_1449-768x512.jpg 768w, https:\/\/ffw-weilersbach.de\/wordpress\/wp-content\/uploads\/2021\/12\/DSC_1449-1536x1024.jpg 1536w, https:\/\/ffw-weilersbach.de\/wordpress\/wp-content\/uploads\/2021\/12\/DSC_1449-2048x1365.jpg 2048w\" sizes=\"auto, (max-width: 450px) 100vw, 450px\" \/><\/p>\n<p><strong>\u00dcbrigens:<\/strong><\/p>\n<h4><span style=\"color: #000080;\">Neben dem klassischen aktiven Dienst und der damit verbundenen Teilnahme an Eins\u00e4tzen und Ausbildung gibt es auch die M\u00f6glichkeit der f\u00f6rdernden Mitgliedschaft:&nbsp;&nbsp;&nbsp;&nbsp;&nbsp;&nbsp;&nbsp; <a href=\"https:\/\/ffw-weilersbach.de\/wordpress\/wp-content\/uploads\/2020\/01\/NEU-Beitrittserkl\u00e4rung-nach-DSGVO.pdf\" target=\"_blank\" rel=\"noopener\">Beitrittserkl\u00e4rung<\/a> <a href=\"https:\/\/ffw-weilersbach.de\/wordpress\/wp-content\/uploads\/2020\/01\/NEU-Beitrittserkl\u00e4rung-nach-DSGVO.pdf\" target=\"_blank\" rel=\"noopener\"><img loading=\"lazy\" decoding=\"async\" class=\" wp-image-3993 alignnone\" src=\"https:\/\/ffw-weilersbach.de\/wordpress\/wp-content\/uploads\/2014\/12\/pdf.png\" alt=\"\" width=\"21\" height=\"21\"\/><\/a><\/span><\/h4>\n<p>&nbsp;<\/p>\n<p>&nbsp;<\/p>\n","protected":false},"excerpt":{"rendered":"<p>Ausbildung zur Feuerwehrfrau, Ausbildung zum Feuerwehrmann &nbsp; Schon mal daran gedacht, Mitglied bei der Freiwilligen Feuerwehr zu werden? Stehst Du schon mitten im Leben und \u00fcberlegst Dich bei der Feuerwehr &hellip; <\/p>\n","protected":false},"author":1,"featured_media":0,"parent":3541,"menu_order":0,"comment_status":"closed","ping_status":"closed","template":"","meta":{"ngg_post_thumbnail":0,"footnotes":""},"class_list":["post-7194","page","type-page","status-publish","hentry"],"_links":{"self":[{"href":"https:\/\/ffw-weilersbach.de\/wordpress\/wp-json\/wp\/v2\/pages\/7194","targetHints":{"allow":["GET"]}}],"collection":[{"href":"https:\/\/ffw-weilersbach.de\/wordpress\/wp-json\/wp\/v2\/pages"}],"about":[{"href":"https:\/\/ffw-weilersbach.de\/wordpress\/wp-json\/wp\/v2\/types\/page"}],"author":[{"embeddable":true,"href":"https:\/\/ffw-weilersbach.de\/wordpress\/wp-json\/wp\/v2\/users\/1"}],"replies":[{"embeddable":true,"href":"https:\/\/ffw-weilersbach.de\/wordpress\/wp-json\/wp\/v2\/comments?post=7194"}],"version-history":[{"count":33,"href":"https:\/\/ffw-weilersbach.de\/wordpress\/wp-json\/wp\/v2\/pages\/7194\/revisions"}],"predecessor-version":[{"id":7246,"href":"https:\/\/ffw-weilersbach.de\/wordpress\/wp-json\/wp\/v2\/pages\/7194\/revisions\/7246"}],"up":[{"embeddable":true,"href":"https:\/\/ffw-weilersbach.de\/wordpress\/wp-json\/wp\/v2\/pages\/3541"}],"wp:attachment":[{"href":"https:\/\/ffw-weilersbach.de\/wordpress\/wp-json\/wp\/v2\/media?parent=7194"}],"curies":[{"name":"wp","href":"https:\/\/api.w.org\/{rel}","templated":true}]}}