{"id":6505,"date":"2019-02-23T11:17:46","date_gmt":"2019-02-23T10:17:46","guid":{"rendered":"https:\/\/ffw-weilersbach.de\/wordpress\/?page_id=6505"},"modified":"2026-01-28T17:54:24","modified_gmt":"2026-01-28T16:54:24","slug":"datenschutzerklaerun-fruehjahrslauf","status":"publish","type":"page","link":"https:\/\/ffw-weilersbach.de\/wordpress\/laufteam-ffw\/fruehjahrslauf-2\/fruehjahrslauf-2019\/datenschutzerklaerun-fruehjahrslauf","title":{"rendered":"Datenschutzerkl\u00e4rung"},"content":{"rendered":"<p>Datenschutz und Medienrechte<\/p>\n<p>1. Die Bereitstellung der im Rahmen des Registrierungsprozesses abgefragten Daten (Name, Anschrift, Alter, E-Mail-Adresse, Bankdaten) ist f\u00fcr die Teilnahme am Weilersbacher Fr\u00fchjahrslauf erforderlich. Es besteht keine Pflicht zur Datenbereitstellung allerdings ist eine Teilnahme ohne die Daten nicht m\u00f6glich.<\/p>\n<p>Wir verwenden die von Ihnen im Rahmen des Registrierungsprozesses angegebenen Daten zur Planung, Organisation und Durchf\u00fchrung des Weilersbacher Fr\u00fchjahrslafs, im Konkreten:<\/p>\n<p>Anmeldung \/ Registrierung als Teilnehmer<br \/>\nErstellung einer Starterliste<br \/>\nVer\u00f6ffentlichung auf der Internetseite www.freuhjahrslaf.ffw-weilersbach.de sowie auf dem Registrierungsportal www.wkm-iad.de<br \/>\nZeitmessung<br \/>\nErstellung von Ergebnislisten<br \/>\nVer\u00f6ffentlichung der Ergebnislisten auf der Internetseite www.fruehjahrslauf.ffw-weilersbachde sowie auf dem Registrierungsportal www.wkm-iad.de<br \/>\nZusendung von Informationsmaterial \u00fcber den Weilersbacher Fr\u00fchjahrslauf<br \/>\nE-Mail-Marketing (Versendung eines Newsletters an alle angemeldeten Teilnehmer mit Informationen zur Veranstaltung, Sponsoren und Produkten von Kooperationspartnern sowie zur Ank\u00fcndigung der Veranstaltung in den Folgejahren). Hierbei werden die E-Mailadressen an den ITDienstleister Newsletter2go \/ Brevo weitergegeben. Datenschutzerkl\u00e4rung des Dienstleisters: <a href=\"https:\/\/www.brevo.com\/de\/legal\/privacypolicy\/\">Datenschutzrichtlinie &#8211; Schutz der personenbezogenen Daten | Brevo<\/a><\/p>\n<p>Die Rechtm\u00e4\u00dfigkeit der Datenverarbeitung ergibt sich aus Art. 6 Abs. 1 a) DSGVO. Zur Erstellung einer Historie werden die Platzierungen und Daten der Ergebnislisten gespeichert.<\/p>\n<p>2. Der Teilnehmer erkl\u00e4rt sich damit einverstanden, dass die erhobenen personenbezogenen Daten an Dritte zum Zwecke der Zeitmessung, Erstellung von Starter- und Ergebnislisten sowie der Einstellung dieser Listen ins Internet weitergegeben werden d\u00fcrfen.<\/p>\n<p>3. Jedem Teilnehmer wird eine Startnummer zugeteilt, die der Veranstalter bzw. zu den Teilnehmerdaten hinzu speichert.<\/p>\n<p>4. Sofern die Anmeldung mehrerer Personen oder Teams (Schulen, Firmen etc.) durch eine Person (Teamkapit\u00e4n) erfolgt, ist diese verpflichtet, vor Abschluss der Anmeldung diese Datenschutzerkl\u00e4rung den anderen Teilnehmern zur Kenntnis zu bringen und nur bei deren Einwilligung die Anmeldung vorzunehmen.<\/p>\n<p>5. Verantwortlicher f\u00fcr die Datenverarbeitung ist:<br \/>\nFreiwillige Feuerwehr Weilersbach (Veranstalter)<br \/>\nvertreten durch den 1. Vorstand Stephan Hack<br \/>\nHauptstra\u00dfe 26<br \/>\n91365 weilersbach<br \/>\nTelefon: +49-9191 94950<\/p>\n<p>Email: fruehjahrslauf@ffw-weilersbach.de<\/p>\n<p>F\u00fcr die Anmeldung und die Zahlungsabwicklung arbeitet der Veranstalter mit einem von ihm beauftragtem ITDienstleister zusammen.<\/p>\n<p>Anmeldungen, die direkt beim Veranstalter eingehen, werden an ihn \u00fcbermittelt.<\/p>\n<p>Der Veranstalter und der externe Dritte stellen sich die Daten zum Zwecke der Durchf\u00fchrung des Weilersbacher Fr\u00fchjahrslaufs gegenseitig zur Verf\u00fcgung.<\/p>\n<p>6. Der Veranstalter ist berechtigt, Foto- und Bewegtbildaufnahmen von den Teilnehmern im Rahmen der Veranstaltung zu erstellen bzw. erstellen zu lassen und diese \u2013 vorbehaltlich Ziffer 5 \u2013 ohne jegliche zeitliche, \u00f6rtliche und inhaltliche Einschr\u00e4nkung im TV, Internet, in Druckwerken, jedem bekannten und auch zuk\u00fcnftigen Medium, auch f\u00fcr Werbezwecke ohne zeitliche Begrenzung unentgeltlich zu verwenden, insbesondere zu ver\u00f6ffentlichen und\/oder zu bearbeiten, d.h. ohne dass hierf\u00fcr eine Verg\u00fctung\/Entsch\u00e4digung geleistet werden muss. Dies umfasst insbesondere das Recht, Dritten (z.B. Sponsoren der Veranstaltung) das Recht zur Nutzung einzur\u00e4umen.<\/p>\n<p>7. Sie haben das Recht uns gegen\u00fcber erteilte Einwilligungen jederzeit zu widerrufen. Ein Widerruf hat keine Auswirkungen auf die Rechtm\u00e4\u00dfigkeit der in der Vergangenheit auf Grundlage Ihrer Einwilligung erfolgten Datenverarbeitungen. Wenn Sie von Ihrem Widerrufsrecht Gebrauch machen wollen, teilen Sie dies dem Veranstalter schriftlich per Briefpost oder E-Mail (fruehjarslauf@ffw-weilersbach.de) mit.<\/p>\n<p>Weiter stehen Ihnen im Zusammenhang mit der Verarbeitung Ihrer personenbezogenen Daten folgende Rechte zu:<\/p>\n<p>Sie haben gem\u00e4\u00df Art. 15 DSGVO das Recht Auskunft \u00fcber die bei uns gespeicherten Daten.<br \/>\nSie haben gem\u00e4\u00df Art. 16 DSGVO das Recht unrichtige Daten berichtigen zu lassen.<br \/>\nSie haben gem\u00e4\u00df Art. 17 DSGVO das Recht Ihre Daten l\u00f6schen zu lassen sofern kein Rechtsgrund zur weiteren Speicherung vorliegt<br \/>\nSie haben gem\u00e4\u00df Art. 18 DSGVO das Recht eine Einschr\u00e4nkung der Verarbeitung Ihrer Daten zu verlangen. Dies bedeutet, dass Ihre Daten zwar noch gespeichert werden allerdings nur noch unter beschr\u00e4nkten Voraussetzungen (z.B. mit Ihrer Einwilligung oder zur Geltendmachung von Rechtsanspr\u00fcchen) verarbeitet werden d\u00fcrfen.<br \/>\nSie haben gem\u00e4\u00df Art. 20 DSGVO das Recht auf Daten\u00fcbertragbarkeit hinsichtlich aller Daten welche sie uns bereitgestellt haben. Dies bedeutet, dass wir Ihnen diese Daten in einem strukturierten, g\u00e4ngigen und maschinenlesbaren Format zur Verf\u00fcgung stellen.<\/p>\n<p>Zur Aus\u00fcbung dieser Rechte senden Sie uns bitte eine E-Mail an fruehjahrslauf@ffw-weilersbach.de.<\/p>\n<p>Bitte geben Sie bei Ihrem Widerspruch Name, Vorname, soweit bekannt Ihr Team und Ihre Startnummer an.<\/p>\n","protected":false},"excerpt":{"rendered":"<p>Datenschutz und Medienrechte 1. Die Bereitstellung der im Rahmen des Registrierungsprozesses abgefragten Daten (Name, Anschrift, Alter, E-Mail-Adresse, Bankdaten) ist f\u00fcr die Teilnahme am Weilersbacher Fr\u00fchjahrslauf erforderlich. Es besteht keine Pflicht &hellip; <\/p>\n","protected":false},"author":9,"featured_media":0,"parent":5029,"menu_order":0,"comment_status":"closed","ping_status":"closed","template":"","meta":{"ngg_post_thumbnail":0,"footnotes":""},"class_list":["post-6505","page","type-page","status-publish","hentry"],"_links":{"self":[{"href":"https:\/\/ffw-weilersbach.de\/wordpress\/wp-json\/wp\/v2\/pages\/6505","targetHints":{"allow":["GET"]}}],"collection":[{"href":"https:\/\/ffw-weilersbach.de\/wordpress\/wp-json\/wp\/v2\/pages"}],"about":[{"href":"https:\/\/ffw-weilersbach.de\/wordpress\/wp-json\/wp\/v2\/types\/page"}],"author":[{"embeddable":true,"href":"https:\/\/ffw-weilersbach.de\/wordpress\/wp-json\/wp\/v2\/users\/9"}],"replies":[{"embeddable":true,"href":"https:\/\/ffw-weilersbach.de\/wordpress\/wp-json\/wp\/v2\/comments?post=6505"}],"version-history":[{"count":8,"href":"https:\/\/ffw-weilersbach.de\/wordpress\/wp-json\/wp\/v2\/pages\/6505\/revisions"}],"predecessor-version":[{"id":13857,"href":"https:\/\/ffw-weilersbach.de\/wordpress\/wp-json\/wp\/v2\/pages\/6505\/revisions\/13857"}],"up":[{"embeddable":true,"href":"https:\/\/ffw-weilersbach.de\/wordpress\/wp-json\/wp\/v2\/pages\/5029"}],"wp:attachment":[{"href":"https:\/\/ffw-weilersbach.de\/wordpress\/wp-json\/wp\/v2\/media?parent=6505"}],"curies":[{"name":"wp","href":"https:\/\/api.w.org\/{rel}","templated":true}]}}