{"id":4974,"date":"2018-07-01T11:19:11","date_gmt":"2018-07-01T09:19:11","guid":{"rendered":"http:\/\/www.ffw-weilersbach.de\/wordpress\/?page_id=4974"},"modified":"2019-03-03T11:05:39","modified_gmt":"2019-03-03T10:05:39","slug":"datenschutzerklaerung","status":"publish","type":"page","link":"https:\/\/ffw-weilersbach.de\/wordpress\/datenschutzerklaerung","title":{"rendered":"Datenschutzerkl\u00e4rung"},"content":{"rendered":"<div class=\"page-header\">\n<h2>Datenschutzerkl\u00e4rung<\/h2>\n<\/div>\n<div>\n<p>&nbsp;<\/p>\n<p><strong>Datenschutzerkl\u00e4rung der Freiwilligen Feuerwehr Weilersbach e. V. <\/strong><\/p>\n<h2>Wer wir sind<\/h2>\n<p>Die Adresse unserer Website ist: https:\/\/ffw-weilersbach.de.<\/p>\n<p>Die Betreiber dieser Seiten nehmen&nbsp;den Schutz Ihrer pers\u00f6nlichen Daten sehr ernst. Wir behandeln Ihre personenbezogenen Daten&nbsp;vertraulich und entsprechend der gesetzlichen Datenschutzvorschriften sowie dieser<br \/>\nDatenschutzerkl\u00e4rung.<br \/>\nDie Nutzung unserer Website ist in der Regel ohne Angabe&nbsp;personenbezogener Daten m\u00f6glich. Soweit auf unseren Seiten personenbezogene Daten&nbsp;(beispielsweise Name, Anschrift oder E-Mail-Adressen) erhoben werden, erfolgt dies, soweit m\u00f6glich, stets auf freiwilliger Basis. Diese Daten werden ohne Ihre ausdr\u00fcckliche Zustimmung&nbsp;nicht an Dritte weitergegeben.<\/p>\n<p>Wir weisen darauf hin, dass die Daten\u00fcbertragung im Internet&nbsp;(z.B. bei der Kommunikation per E-Mail) Sicherheitsl\u00fccken aufweisen kann. Ein l\u00fcckenloser&nbsp;Schutz der Daten vor dem Zugriff durch Dritte ist nicht m\u00f6glich.<\/p>\n<h2>Cookies<\/h2>\n<p>Die Internetseiten verwenden teilweise so genannte Cookies. Cookies richten auf&nbsp;Ihrem Rechner keinen Schaden an und enthalten keine Viren. Cookies dienen dazu, unser Angebot&nbsp;nutzerfreundlicher, effektiver und sicherer zu machen. Cookies sind kleine Textdateien, die auf Ihrem&nbsp;Rechner abgelegt werden und die Ihr Browser speichert.<\/p>\n<p>Die meisten der von uns verwendeten&nbsp;Cookies sind so genannte \u201eSession-Cookies\u201c. Sie werden nach Ende Ihres Besuchs automatisch&nbsp;gel\u00f6scht. Andere Cookies bleiben auf Ihrem Endger\u00e4t gespeichert, bis Sie diese l\u00f6schen.&nbsp;Diese Cookies erm\u00f6glichen es uns, Ihren Browser beim n\u00e4chsten Besuch&nbsp;wiederzuerkennen.<\/p>\n<p>Sie k\u00f6nnen Ihren Browser so einstellen, dass Sie \u00fcber das Setzen&nbsp;von Cookies informiert werden und Cookies nur im Einzelfall erlauben, die Annahme von Cookies f\u00fcr&nbsp;bestimmte F\u00e4lle oder generell ausschlie\u00dfen sowie das automatische L\u00f6schen der&nbsp;Cookies beim Schlie\u00dfen des Browser aktivieren. Bei der Deaktivierung von Cookies kann die<br \/>\nFunktionalit\u00e4t dieser Website eingeschr\u00e4nkt sein.<\/p>\n<h2>Server-LogFiles<\/h2>\n<p>Der Provider der Seiten erhebt und speichert automatisch Informationen in so genannten Server-Log Files, die Ihr Browser automatisch an uns \u00fcbermittelt. Dies sind:<\/p>\n<ul>\n<li>Browsertyp und Browserversion<\/li>\n<li>verwendetes Betriebssystem<\/li>\n<li>Referrer URL<\/li>\n<li>Hostname des zugreifenden Rechners<\/li>\n<li>Uhrzeit der Serveranfrage<\/li>\n<\/ul>\n<p>Diese Daten&nbsp;sind nicht bestimmten Personen zuordenbar. Eine Zusammenf\u00fchrung dieser Daten mit anderen&nbsp;Datenquellen wird nicht vorgenommen. Wir behalten uns vor, diese Daten nachtr\u00e4glich zu&nbsp;pr\u00fcfen, wenn uns konkrete Anhaltspunkte f\u00fcr eine rechtswidrige Nutzung bekannt&nbsp;werden.<\/p>\n<p>(Quelle: <a href=\"http:\/\/www.e-recht24.de\">www.e-recht24.de<\/a>)<\/p>\n<p>&nbsp;<\/p>\n<p>&nbsp;<\/p>\n<p><strong>Informationspflicht bei Erhebung von personenbezogenen Daten nach Art. 13 DSGVO:&nbsp;<\/strong><\/p>\n<p>&nbsp;<\/p>\n<p><strong>1.&nbsp;&nbsp;&nbsp; Name und Anschrift des Verantwortlichen<\/strong><\/p>\n<p>Der Verantwortliche im Sinne Art. 4 Abs. 7 der EU-Verordnung 2016\/679, genannt Datenschutz-Grundverordnung (DSGVO), und anderer nationaler Datenschutzgesetze der Mitgliedstaaten sowie sonstiger datenschutzrechtlicher Bestimmungen ist der Verein<\/p>\n<p>Freiwillige Feuerwehr Weilersbach e. V.,<br \/>\nvertreten durch den Vorsitzenden Tobias Maltenberger<br \/>\nHauptstra\u00dfe 26<br \/>\n91365 Weilersbach<br \/>\nE-Mail: <span id=\"cloakbe7fa1a1d3a314cb9f79ca46dc6ca469\">info [at] ffw-weilersbach.de<\/span><\/p>\n<h3>2.&nbsp;&nbsp;&nbsp; Erhebung und Speicherung personenbezogener Daten; Art, Zweck und Verwendung<\/h3>\n<p>Mit Beitritt zum Verein erheben wir folgende Informationen:<\/p>\n<ul>\n<li>Anrede, Titel, Vorname, Nachname<\/li>\n<li>Anschrift<\/li>\n<li>E-Mail-Adresse<\/li>\n<li>Telefonnummer (Festnetz und\/oder Mobilfunk)<\/li>\n<li>Kontodaten<\/li>\n<li>Geburtsdatum<\/li>\n<li>Eintrittsdatum<\/li>\n<li>Austrittsdatum<\/li>\n<\/ul>\n<p>Die Erhebung der personenbezogenen Daten erfolgt<\/p>\n<ul>\n<li>um Sie als Mitglied identifizieren zu k\u00f6nnen,<\/li>\n<li>um unseren gesetzlichen Verpflichtungen nachkommen zu k\u00f6nnen,<\/li>\n<li>zur Korrespondenz mit Ihnen,<\/li>\n<li>zur Rechnungsstellung im Rahmen des Beitragseinzugs des Mitgliedsbeitrags und gesonderter vereinsspezifischer Leistungen, die Sie in Anspruch nehmen (wie z.B. Ausfahrten)<\/li>\n<\/ul>\n<p>Die Verarbeitung der personenbezogenen Daten erfolgt anl\u00e4sslich Ihrer Mitgliedschaft bei uns und ist zu den genannten Zwecken f\u00fcr die Bearbeitung Ihrer Mitgliedschaft und f\u00fcr die Erf\u00fcllung von Verpflichtungen aus dieser erforderlich. Die erhobenen personenbezogenen Daten werden bis zum Ablauf der gesetzlichen Aufbewahrungspflicht f\u00fcr Kaufleute (10 Jahre nach Ablauf des Kalenderjahres, in dem die Mitgliedschaft beendet wurde) gespeichert und danach gel\u00f6scht.<\/p>\n<p>&nbsp;<\/p>\n<h3>3.&nbsp;&nbsp;&nbsp; Weitergabe von Daten an Dritte<\/h3>\n<p>Eine \u00dcbermittlung Ihrer personenbezogenen Daten an Dritte findet grunds\u00e4tzlich nicht statt. Ausnahmen hiervon gelten nur, soweit dies f\u00fcr die Abwicklung von Verpflichtungen aus der Mitgliedschaft mit Ihnen erforderlich ist. Hierzu z\u00e4hlt insbesondere die Weitergabe an von uns beauftragte Dienstleister (Auftragsverarbeiter), deren T\u00e4tigkeit f\u00fcr die Vertragsdurchf\u00fchrung erforderlich ist (z.B. Banken). Die weitergegebenen Daten d\u00fcrfen von den Dritten ausschlie\u00dflich zu den genannten Zwecken verwendet werden.<\/p>\n<h3>4.&nbsp;&nbsp;&nbsp; Ihre Rechte als betroffene Person<\/h3>\n<p>Ihnen als von der Datenverarbeitung betroffenen Person stehen verschiedene Rechte zu:<\/p>\n<ul>\n<li>Widerrufsrecht: Von Ihnen erteilte Einwilligungen k\u00f6nnen Sie jederzeit uns gegen\u00fcber widerrufen. Die Datenverarbeitung, die auf der widerrufenen Einwilligung beruht, darf dann f\u00fcr die Zukunft nicht mehr fortgef\u00fchrt werden.<\/li>\n<li>Auskunftsrecht: Sie k\u00f6nnen Auskunft \u00fcber Ihre von uns verarbeiteten personenbezogenen Daten verlangen.<\/li>\n<li>Berichtigungsrecht: Sie k\u00f6nnen die Berichtigung unrichtiger oder die Vervollst\u00e4ndigung Ihrer bei uns gespeicherten personenbezogenen Daten verlangen.<\/li>\n<li>L\u00f6schungsrecht: Sie k\u00f6nnen die L\u00f6schung Ihrer bei uns gespeicherten personenbezogenen Daten verlangen<\/li>\n<li>Recht auf Daten\u00fcbertragbarkeit: Sie k\u00f6nnen verlangen, dass wir Ihnen Ihre personenbezogenen Daten, die Sie uns bereitgestellt haben, in einem strukturierten, g\u00e4ngigen und maschinenlesebaren Format \u00fcbermitteln<\/li>\n<li>Beschwerderecht: Sie k\u00f6nnen sich bei der f\u00fcr uns zust\u00e4ndigen Aufsichtsbeh\u00f6rde beschweren, z.B. wenn Sie der Ansicht sind, dass wir Ihre personenbezogenen Daten in unrechtm\u00e4\u00dfiger Weise verarbeiten. Die f\u00fcr uns zust\u00e4ndige Beh\u00f6rde ist:<\/li>\n<\/ul>\n<p>Bayerisches Landesamt f\u00fcr Datenschutzaufsicht, Promenade 27, 91522 Ansbach.<\/p>\n<p>&nbsp;<\/p>\n<h3>5.&nbsp;&nbsp;&nbsp; Ihr Recht auf Widerspruch<\/h3>\n<p>Sofern wir Ihre personenbezogenen Daten auf Basis eines berechtigten Interesses verarbeiten, haben Sie das Recht, Widerspruch gegen diese Verarbeitung einzulegen. M\u00f6chten Sie von Ihrem Widerspruchsrecht Gebrauch machen, gen\u00fcgt eine Mitteilung in Textform. Sie k\u00f6nnen uns also gerne Anschreiben oder sich per E-Mail an uns wenden. Unsere Kontaktdaten finden Sie unter Punkt 2. dieser Datenschutzhinweise.<\/p>\n<p>&nbsp;<\/p>\n<p><strong>6. Ver\u00f6ffentlichung von Bildern auf der Internetseite oder in Printmedien<\/strong><\/p>\n<p>Im Rahmen der \u00d6ffentlichkeitsarbeit werden Bilder von Aktivit\u00e4ten der gemeindlichen Feuerwehr sowie des Feuerwehrvereins, auf denen Personen zu erkennen sind, ver\u00f6ffentlicht werden d\u00fcrfen. Das betrifft u.a. diese Internetseite, Flyer oder die Berichterstattung in den Medien (Zeitungen usw.). Es werden dabei keine privaten Daten publiziert.<\/p>\n<p>&nbsp;<\/p>\n<p><em>Weilersbach, Oktober 2018 <\/em><\/p>\n<\/div>\n","protected":false},"excerpt":{"rendered":"<p>Datenschutzerkl\u00e4rung &nbsp; Datenschutzerkl\u00e4rung der Freiwilligen Feuerwehr Weilersbach e. V. Wer wir sind Die Adresse unserer Website ist: https:\/\/ffw-weilersbach.de. Die Betreiber dieser Seiten nehmen&nbsp;den Schutz Ihrer pers\u00f6nlichen Daten sehr ernst. Wir &hellip; <\/p>\n","protected":false},"author":1,"featured_media":0,"parent":0,"menu_order":0,"comment_status":"closed","ping_status":"closed","template":"","meta":{"ngg_post_thumbnail":0,"footnotes":""},"class_list":["post-4974","page","type-page","status-publish","hentry"],"_links":{"self":[{"href":"https:\/\/ffw-weilersbach.de\/wordpress\/wp-json\/wp\/v2\/pages\/4974","targetHints":{"allow":["GET"]}}],"collection":[{"href":"https:\/\/ffw-weilersbach.de\/wordpress\/wp-json\/wp\/v2\/pages"}],"about":[{"href":"https:\/\/ffw-weilersbach.de\/wordpress\/wp-json\/wp\/v2\/types\/page"}],"author":[{"embeddable":true,"href":"https:\/\/ffw-weilersbach.de\/wordpress\/wp-json\/wp\/v2\/users\/1"}],"replies":[{"embeddable":true,"href":"https:\/\/ffw-weilersbach.de\/wordpress\/wp-json\/wp\/v2\/comments?post=4974"}],"version-history":[{"count":6,"href":"https:\/\/ffw-weilersbach.de\/wordpress\/wp-json\/wp\/v2\/pages\/4974\/revisions"}],"predecessor-version":[{"id":6523,"href":"https:\/\/ffw-weilersbach.de\/wordpress\/wp-json\/wp\/v2\/pages\/4974\/revisions\/6523"}],"wp:attachment":[{"href":"https:\/\/ffw-weilersbach.de\/wordpress\/wp-json\/wp\/v2\/media?parent=4974"}],"curies":[{"name":"wp","href":"https:\/\/api.w.org\/{rel}","templated":true}]}}