{"id":4116,"date":"2015-11-10T20:57:37","date_gmt":"2015-11-10T19:57:37","guid":{"rendered":"http:\/\/www.ffw-weilersbach.de\/wordpress\/?page_id=4116"},"modified":"2025-01-06T13:22:07","modified_gmt":"2025-01-06T12:22:07","slug":"fruehjahrslauf-2016-2","status":"publish","type":"page","link":"https:\/\/ffw-weilersbach.de\/wordpress\/laufteam-ffw\/fruehjahrslauf-2\/fruehjahrslauf-2016-2","title":{"rendered":"Fr\u00fchjahrslauf 2016"},"content":{"rendered":"<p>&nbsp;<\/p>\n<p><strong>2. Weilersbacher Fr\u00fchjahrslauf (24.04.2016)<\/strong><\/p>\n<p>Am 24. April 2016 richtet die Feuerwehr Weilersbach den 2. Weilersbacher Fr\u00fchjahrslauf aus. Es werden ein Bambini-, Jugend-, 6km und 10km Lauf ausgerichtet. An diesem Lauf kann nat\u00fcrlich jeder teilnehmen, nicht nur Feuerwehren.<\/p>\n<p>&nbsp;<\/p>\n<p><strong>Ergebnisse<\/strong><\/p>\n<p><a href=\"https:\/\/www.sportprogramme.org\/cakespg\/events\/resultlist\/1675\" target=\"_blank\">Die Ergebnislisten finden Sie hier.<\/a><\/p>\n<p>&nbsp;<\/p>\n<p><strong>Urkunden<\/strong><\/p>\n<p><a href=\"https:\/\/www.sportprogramme.org\/cakespg\/events\/certificate\/1675\" target=\"_blank\">Die Urkunden finden Sie hier.<\/a><\/p>\n<p>&nbsp;<\/p>\n<p><strong>Bilder<\/strong><br \/>\n<a title=\"2. Weilersbacher Fr\u00fchjahrslauf\" href=\"https:\/\/www.flickr.com\/photos\/147388934@N05\/albums\/72157678679971500\" data-flickr-embed=\"true\"><img loading=\"lazy\" decoding=\"async\" src=\"https:\/\/c1.staticflickr.com\/1\/423\/32705642062_21ac834d02_z.jpg\" width=\"640\" height=\"425\" alt=\"2. Weilersbacher Fr\u00fchjahrslauf\"\/><\/a><script async src=\"\/\/embedr.flickr.com\/assets\/client-code.js\" charset=\"utf-8\"><\/script><br \/>\n&nbsp;<\/p>\n<p><strong>Gutscheine<\/strong><br \/>\nSie m\u00f6chten jemanden zu Weihnachten, Geburtstag, etc. einen Gutschein f\u00fcr einen Startplatz beim 2. Weilersbacher Fr\u00fchjahrslauf schenken? <a href=\"http:\/\/www.ffw-weilersbach.de\/wordpress\/?page_id=4114\">Hier k\u00f6nnen Sie Gutscheine bestellen.<\/a><\/p>\n<p><strong>Streckenbeschreibung<\/strong><\/p>\n<p>F\u00fcr die Haupl\u00e4ufe, 6km und 10km, gibt es einen Rundkurs durch Weilersbach. Dazu z\u00e4hlt ein 1km langer Anlauf sowie ein 1km langer Auslauf. Eine Runde betr\u00e4gt 4 km, somit muss diese beim 6km Lauf einmal und beim 10km Lauf zweimal bew\u00e4ltigt werden.<\/p>\n<p><a title=\"Streckenbeschreibung\" href=\"http:\/\/fruehjahrslauf.ffw-weilersbach.de\/Streckenbeschreibung.pdf\" target=\"_blank\">Streckenbeschreibung<\/a><\/p>\n<p>&nbsp;<\/p>\n<p><strong>Ausschreibung<\/strong><\/p>\n<p>Die Ausschreibung im PDF Format finden Sie hier: <a href=\"http:\/\/ffw-weilersbach.de\/fruehjahrslauf\/Ausschreibung-Fruehjahrslauf-16.pdf\" target=\"_blank\">Ausschreibung<\/a><\/p>\n<p>&nbsp;<\/p>\n<p><strong>Weilersbacher Dorfmeisterschaft<\/strong><\/p>\n<p>Auch dieses Jahr gibt es eine Wertung f\u00fcr den Weilersbacher Dorfmeister. Alle Informationen finden Sie hier: <a href=\"http:\/\/www.ffw-weilersbach.de\/fruehjahrslauf\/Ausschreibung-Dorfmeisterschaft.pdf\" target=\"_blank\">Ausschreibung Weilersbacher Dorfmeisterschaft<\/a><\/p>\n<p>&nbsp;<\/p>\n<p><strong>Zuschauer<\/strong><\/p>\n<p>F\u00fcr Moderation und Verpflegung ist im Start- Zielbereich, am Sportplatz Weilersbach, bestens gesorgt.<br \/>\nDer Sportverein Weilersbach sorgt w\u00e4hrend der Veranstaltung am Parkplatz und danach im Sportlerheim, zur Siegerehrung, f\u00fcr Ihr leibliches Wohl.<\/p>\n<p><strong>Flyer<\/strong><\/p>\n<p><a href=\"http:\/\/www.ffw-weilersbach.de\/fruehjahrslauf\/flyer2016.pdf\" target=\"_blank\">Aktueller Flyer f\u00fcr den 2. Weilersbacher Fr\u00fchjahrslauf<\/a><\/p>\n<p>&nbsp;<\/p>\n<p><strong>Presseberichte des 1. Weilersbacher Fr\u00fchjahrslaufs<\/strong><\/p>\n<p><a title=\"KFV Forchheim\" href=\"http:\/\/www.kfv-forchheim.de\/presse\/2015\/item\/152-eine-laufgruppe-und-ein-fr%C3%BChjahrslauf.html\" target=\"_blank\">KFV Forchheim<\/a><br \/>\n<a title=\"Brandwacht Bayern\" href=\"http:\/\/www.brandwacht.bayern.de\/ausgaben\/2_2015.htm\" target=\"_blank\">Brandwacht Bayern<\/a><br \/>\n<a title=\"inFranken\" href=\"http:\/\/www.infranken.de\/regionalsport\/forchheim\/Gepackt-vom-Lauf-Fieber;art291,1018200\" target=\"_blank\">inFranken<\/a><br \/>\n<a title=\"Radiobeitrag\" href=\"http:\/\/www.br.de\/radio\/bayern1\/sendungen\/mittags-in-franken\/feuerwehr-fruehjahrslauf-fraenkische-schweiz-100.html\">Radiobeitrag Bayern 1 am 23.04.2015 zwischen 12:00 und 13:00 Uhr<\/a><br \/>\n<a href=\"http:\/\/www.nordbayern.de\/region\/furth-ansbach-und-weilersbach-schnurten-die-laufschuhe-1.4339466\" target=\"_blank\">Nordbayern<\/a><br \/>\n<a href=\"http:\/\/www.nordbayern.de\/region\/forchheim\/gelungener-start-des-1-weilersbacher-fruhjahrslaufes-1.4346139\" target=\"_blank\">Nachbericht Nordbayern<\/a><br \/>\n<a href=\"http:\/\/www.infranken.de\/regionalsport\/forchheim\/Eine-Lauf-Premiere-nach-Mass;art291,1032937\" target=\"_blank\">Nachbericht inFranken<\/a><\/p>\n<p><strong>Kontakt<\/strong><\/p>\n<p>Falls Sie Fragen haben, kontaktieren Sie uns bitte unter der EMail Adresse: fruehjahrslauf [at] ffw-weilersbach.de<\/p>\n<p>&nbsp;<\/p>\n<p><strong>Facebook<\/strong><\/p>\n<p><a href=\"https:\/\/www.facebook.com\/pages\/Weilersbacher-Fr%C3%BChjahrslauf\/737708092987131?sk=timeline&amp;ref=page_internal\"><img loading=\"lazy\" decoding=\"async\" class=\" size-full wp-image-3483 alignleft\" src=\"http:\/\/www.ffw-weilersbach.de\/wordpress\/wp-content\/uploads\/2015\/01\/facebook2.jpg\" alt=\"facebook2\" width=\"135\" height=\"49\" \/><\/a><\/p>\n<p>&nbsp;<\/p>\n<p>&nbsp;<\/p>\n<p>&nbsp;<\/p>\n<p>Lauf Event, Lauf Veranstaltung, Laufveranstaltung in Weilersbach, Landkreis Forchheim, Oberfranken, Fr\u00e4nkische Schweiz<\/p>\n","protected":false},"excerpt":{"rendered":"<p>&nbsp; 2. Weilersbacher Fr\u00fchjahrslauf (24.04.2016) Am 24. April 2016 richtet die Feuerwehr Weilersbach den 2. Weilersbacher Fr\u00fchjahrslauf aus. Es werden ein Bambini-, Jugend-, 6km und 10km Lauf ausgerichtet. An diesem &hellip; <\/p>\n","protected":false},"author":9,"featured_media":0,"parent":12592,"menu_order":0,"comment_status":"closed","ping_status":"closed","template":"","meta":{"ngg_post_thumbnail":0,"footnotes":""},"class_list":["post-4116","page","type-page","status-publish","hentry"],"_links":{"self":[{"href":"https:\/\/ffw-weilersbach.de\/wordpress\/wp-json\/wp\/v2\/pages\/4116","targetHints":{"allow":["GET"]}}],"collection":[{"href":"https:\/\/ffw-weilersbach.de\/wordpress\/wp-json\/wp\/v2\/pages"}],"about":[{"href":"https:\/\/ffw-weilersbach.de\/wordpress\/wp-json\/wp\/v2\/types\/page"}],"author":[{"embeddable":true,"href":"https:\/\/ffw-weilersbach.de\/wordpress\/wp-json\/wp\/v2\/users\/9"}],"replies":[{"embeddable":true,"href":"https:\/\/ffw-weilersbach.de\/wordpress\/wp-json\/wp\/v2\/comments?post=4116"}],"version-history":[{"count":13,"href":"https:\/\/ffw-weilersbach.de\/wordpress\/wp-json\/wp\/v2\/pages\/4116\/revisions"}],"predecessor-version":[{"id":4630,"href":"https:\/\/ffw-weilersbach.de\/wordpress\/wp-json\/wp\/v2\/pages\/4116\/revisions\/4630"}],"up":[{"embeddable":true,"href":"https:\/\/ffw-weilersbach.de\/wordpress\/wp-json\/wp\/v2\/pages\/12592"}],"wp:attachment":[{"href":"https:\/\/ffw-weilersbach.de\/wordpress\/wp-json\/wp\/v2\/media?parent=4116"}],"curies":[{"name":"wp","href":"https:\/\/api.w.org\/{rel}","templated":true}]}}