{"id":4114,"date":"2015-11-09T00:23:45","date_gmt":"2015-11-08T23:23:45","guid":{"rendered":"http:\/\/www.ffw-weilersbach.de\/wordpress\/?page_id=4114"},"modified":"2015-11-10T21:23:28","modified_gmt":"2015-11-10T20:23:28","slug":"fruehjahrslauf-gutschein","status":"publish","type":"page","link":"https:\/\/ffw-weilersbach.de\/wordpress\/laufteam-ffw\/fruehjahrslauf-2\/fruehjahrslauf-2016-2\/fruehjahrslauf-gutschein","title":{"rendered":"Fruehjahrslauf Gutschein"},"content":{"rendered":"<p>Wenn Sie einen Gutschein f\u00fcr den 2. Weilersbacher Fr\u00fchjahrslauf besellen m\u00f6chten, k\u00f6nnen Sie das hier tun. Bitte \u00fcberweisen Sie das Geld an die, in der Best\u00e4tigungs-Mail angegebenen, Bankverbindung. Nach Zahlungseingang wird der Gutschein per E-Mail an Sie versendet.<\/p>\n<p>Die beschenkte Person muss sich trotzdem online anmelden (sobald die Anmeldung verf\u00fcgbar ist). Der Gutschein gilt dann als Zahlungsmittel bei der Startnummernausgabe.<\/p>\n<p>Kosten:<br \/>\n6km Lauf: 5 Euro<br \/>\n10km Lauf: 7 Euro<\/p>\n<p>[contact-form-7 id=&#8220;4113&#8243; title=&#8220;Gutschein Startplatz 2. Weilersbacher Fr\u00fchjahrslauf&#8220;]<\/p>\n","protected":false},"excerpt":{"rendered":"<p>Wenn Sie einen Gutschein f\u00fcr den 2. Weilersbacher Fr\u00fchjahrslauf besellen m\u00f6chten, k\u00f6nnen Sie das hier tun. Bitte \u00fcberweisen Sie das Geld an die, in der Best\u00e4tigungs-Mail angegebenen, Bankverbindung. Nach Zahlungseingang &hellip; <\/p>\n","protected":false},"author":9,"featured_media":0,"parent":4116,"menu_order":0,"comment_status":"closed","ping_status":"closed","template":"","meta":{"ngg_post_thumbnail":0,"footnotes":""},"class_list":["post-4114","page","type-page","status-publish","hentry"],"_links":{"self":[{"href":"https:\/\/ffw-weilersbach.de\/wordpress\/wp-json\/wp\/v2\/pages\/4114","targetHints":{"allow":["GET"]}}],"collection":[{"href":"https:\/\/ffw-weilersbach.de\/wordpress\/wp-json\/wp\/v2\/pages"}],"about":[{"href":"https:\/\/ffw-weilersbach.de\/wordpress\/wp-json\/wp\/v2\/types\/page"}],"author":[{"embeddable":true,"href":"https:\/\/ffw-weilersbach.de\/wordpress\/wp-json\/wp\/v2\/users\/9"}],"replies":[{"embeddable":true,"href":"https:\/\/ffw-weilersbach.de\/wordpress\/wp-json\/wp\/v2\/comments?post=4114"}],"version-history":[{"count":3,"href":"https:\/\/ffw-weilersbach.de\/wordpress\/wp-json\/wp\/v2\/pages\/4114\/revisions"}],"predecessor-version":[{"id":4140,"href":"https:\/\/ffw-weilersbach.de\/wordpress\/wp-json\/wp\/v2\/pages\/4114\/revisions\/4140"}],"up":[{"embeddable":true,"href":"https:\/\/ffw-weilersbach.de\/wordpress\/wp-json\/wp\/v2\/pages\/4116"}],"wp:attachment":[{"href":"https:\/\/ffw-weilersbach.de\/wordpress\/wp-json\/wp\/v2\/media?parent=4114"}],"curies":[{"name":"wp","href":"https:\/\/api.w.org\/{rel}","templated":true}]}}