{"id":3372,"date":"2014-12-29T23:54:32","date_gmt":"2014-12-29T22:54:32","guid":{"rendered":"http:\/\/www.ffw-weilersbach.de\/wordpress\/?page_id=3372"},"modified":"2025-06-15T22:16:06","modified_gmt":"2025-06-15T20:16:06","slug":"geraetehaus","status":"publish","type":"page","link":"https:\/\/ffw-weilersbach.de\/wordpress\/ausruestung\/geraetehaus","title":{"rendered":"Ger\u00e4tehaus"},"content":{"rendered":"<div id=\"id13\" class=\"style_SkipStroke_2 shape-with-text\">\n<div class=\"text-content graphic_textbox_layout_style_default_External_325_300\">\n<div class=\"graphic_textbox_layout_style_default\">\n<p><img loading=\"lazy\" decoding=\"async\" class=\"aligncenter wp-image-13477 size-full\" src=\"https:\/\/ffw-weilersbach.de\/wordpress\/wp-content\/uploads\/2025\/06\/IMG_20250119_160321-scaled.jpg\" alt=\"\" width=\"2560\" height=\"1920\" srcset=\"https:\/\/ffw-weilersbach.de\/wordpress\/wp-content\/uploads\/2025\/06\/IMG_20250119_160321-scaled.jpg 2560w, https:\/\/ffw-weilersbach.de\/wordpress\/wp-content\/uploads\/2025\/06\/IMG_20250119_160321-300x225.jpg 300w, https:\/\/ffw-weilersbach.de\/wordpress\/wp-content\/uploads\/2025\/06\/IMG_20250119_160321-700x525.jpg 700w, https:\/\/ffw-weilersbach.de\/wordpress\/wp-content\/uploads\/2025\/06\/IMG_20250119_160321-768x576.jpg 768w, https:\/\/ffw-weilersbach.de\/wordpress\/wp-content\/uploads\/2025\/06\/IMG_20250119_160321-1536x1152.jpg 1536w, https:\/\/ffw-weilersbach.de\/wordpress\/wp-content\/uploads\/2025\/06\/IMG_20250119_160321-2048x1536.jpg 2048w\" sizes=\"auto, (max-width: 2560px) 100vw, 2560px\" \/><\/p>\n<\/div>\n<\/div>\n<\/div>\n<p>&nbsp;<\/p>\n<div id=\"id13\" class=\"style_SkipStroke_2 shape-with-text\">\n<div class=\"text-content graphic_textbox_layout_style_default_External_325_300\">\n<div class=\"graphic_textbox_layout_style_default\">\n<h3 class=\"Body\" style=\"text-align: left;\">Baujahr: ca. 1963, 1977 erweitert und 1996 umgebaut<\/h3>\n<h3 class=\"Body\">Stellpl\u00e4tze: 4<\/h3>\n<h3 class=\"Body\">Ausstattung: Fahrzeughalle, Mannschaftsraum, Schulungsraum, WC<\/h3>\n<h3 class=\"Body\">Adresse:&nbsp; Hauptstra\u00dfe 26, 91365 Weilersbach<\/h3>\n<\/div>\n<\/div>\n<\/div>\n<p>&nbsp;<\/p>\n<p>&nbsp;<\/p>\n<h2 style=\"text-align: left;\"><span style=\"text-decoration: underline;\"><strong>Geschichtliches<\/strong><\/span><\/h2>\n<h4>Im Jahre <strong>1963<\/strong> wurde bei der FFW Unterweilersbach als Ersatz f\u00fcr eine um 1950 gekaufte Motorspritze eine neue TS8\/8 erworben. Im gleichen Jahr wurde der FFW Unterweilersbach ein gro\u00dfes modernes L\u00f6schfahrzeug ein LF 16 TS (ZS), das zum LS Brandschutzzug Ebermannstadt geh\u00f6rt, zugeteilt. Die Stationierung diese L\u00f6schfahrzeuges in Unterweilersbach erfolgte deshalb, weil die FFW Unterweilersbach zu diesem Zeitpunkt ausbildungsm\u00e4\u00dfig die beste Wehr in dem damaligen Landkreis Ebermannstadt war.<\/h4>\n<p>&nbsp;<\/p>\n<p><a href=\"http:\/\/www.ffw-weilersbach.de\/wordpress\/wp-content\/uploads\/2014\/12\/1967.goldLA.jpg\"><img loading=\"lazy\" decoding=\"async\" class=\"aligncenter wp-image-3917 size-large\" src=\"http:\/\/www.ffw-weilersbach.de\/wordpress\/wp-content\/uploads\/2014\/12\/1967.goldLA-1024x688.jpg\" alt=\"1967.goldLA\" width=\"600\" height=\"403\" srcset=\"https:\/\/ffw-weilersbach.de\/wordpress\/wp-content\/uploads\/2014\/12\/1967.goldLA-1024x688.jpg 1024w, https:\/\/ffw-weilersbach.de\/wordpress\/wp-content\/uploads\/2014\/12\/1967.goldLA-300x202.jpg 300w, https:\/\/ffw-weilersbach.de\/wordpress\/wp-content\/uploads\/2014\/12\/1967.goldLA.jpg 1586w\" sizes=\"auto, (max-width: 600px) 100vw, 600px\" \/><\/a><\/p>\n<h4>Die FFW Unterweilersbach war sich ihrer Verpflichtung, die sich aus dieser Anerkennung ergab, bewu\u00dft und machte sich daran, f\u00fcr die Unterbringung des wertvollen Ger\u00e4tes und auch f\u00fcr die sonstigen Ausr\u00fcstungsgegenst\u00e4nde der Feuerwehr die notwendigen R\u00e4ume zu schaffen.<\/h4>\n<h4>Die Feuerwehrm\u00e4nner der FFW Unterweilersbach, erbauten in unerm\u00fcdlichem Einsatz und bei Leistung vieler unentgeltlicher Arbeitsstunden ein modernes Ger\u00e4tehaus mit Garagen f\u00fcr L\u00f6schfahrzeuge, einen Schlauchtrockenturm und Schulungsr\u00e4umen f\u00fcr die Mannschaft. Der Wert der unentgeltlichen feiwilligen Leistungen betrug \u00fcber 21000 DM.<\/h4>\n<h4>An dieser Stelle mu\u00df nun der langj\u00e4hrige 1.Vorstand der FFW Unterweilersbach, Hans Gath, erw\u00e4hnt werden. Er hat sich viele Jahre lang mit aller Energie f\u00fcr die Belange der FFW eingesetzt. Der Bau des neuen Ger\u00e4tehauses war vornehmlich seine Idee, und er war die treibende Kraft bei der Durchf\u00fchrung des Vorhabens.<\/h4>\n<h4>Das neue Ger\u00e4tehaus konnte am 03.09.1967 eingeweiht und seiner Bestimmung \u00fcbergeben werden.<\/h4>\n<h4>&nbsp;<\/h4>\n<h4>Am <strong>11.09.1977<\/strong> wurde das <strong>Feuerhaus erweitert<\/strong>, durch den Anbau einer zus\u00e4tzlichen Halle der sogenannten Bauerhalle verbunden mit einem Kameradschaftstreffen und Festzelt am Feuerwehrhaus.<\/h4>\n<h4><a href=\"http:\/\/www.ffw-weilersbach.de\/wordpress\/wp-content\/uploads\/2014\/12\/1974Halle062.jpg\"><img loading=\"lazy\" decoding=\"async\" class=\"aligncenter wp-image-3946 size-large\" src=\"http:\/\/www.ffw-weilersbach.de\/wordpress\/wp-content\/uploads\/2014\/12\/1974Halle062-653x1024.jpg\" alt=\"1974Halle062\" width=\"600\" height=\"941\" srcset=\"https:\/\/ffw-weilersbach.de\/wordpress\/wp-content\/uploads\/2014\/12\/1974Halle062-653x1024.jpg 653w, https:\/\/ffw-weilersbach.de\/wordpress\/wp-content\/uploads\/2014\/12\/1974Halle062-191x300.jpg 191w\" sizes=\"auto, (max-width: 600px) 100vw, 600px\" \/><\/a><\/h4>\n<p>&nbsp;<\/p>\n<h4>Im August 1995 begann man mit dem Umbau des Feuerwehrger\u00e4tehauses. Am <strong>09.06.1996 <\/strong>wurde es anl\u00e4sslich des Sommerfestes durch Pfarrer Adolf Schrenk im Rahmen eines Festgottesdienstes <strong>eingeweiht<\/strong>. In einem Festakt \u00fcbergab der damalige B\u00fcrgermeister Anton Dennerlein an die beiden Hauptverantwortlichen Georg Nagengast und Georg Henkel den Schl\u00fcssel. Die Wehr leistete insgesamt 7465 unentgeltliche Arbeitsstunden. Die Gesamtkosten betrugen damals 285.000 DM.<\/h4>\n<p>&nbsp;<\/p>\n<h5><a href=\"http:\/\/www.ffw-weilersbach.de\/wordpress\/wp-content\/uploads\/2014\/12\/1996EinweihungFWHaus2080.jpg\"><img loading=\"lazy\" decoding=\"async\" class=\"aligncenter wp-image-3947 size-large\" src=\"http:\/\/www.ffw-weilersbach.de\/wordpress\/wp-content\/uploads\/2014\/12\/1996EinweihungFWHaus2080-1024x604.jpg\" alt=\"1996EinweihungFWHaus2080\" width=\"600\" height=\"354\" srcset=\"https:\/\/ffw-weilersbach.de\/wordpress\/wp-content\/uploads\/2014\/12\/1996EinweihungFWHaus2080-1024x604.jpg 1024w, https:\/\/ffw-weilersbach.de\/wordpress\/wp-content\/uploads\/2014\/12\/1996EinweihungFWHaus2080-300x177.jpg 300w\" sizes=\"auto, (max-width: 600px) 100vw, 600px\" \/><\/a><\/h5>\n<h4>Ansicht aus dem Jahr 2023:<\/h4>\n<p><img loading=\"lazy\" decoding=\"async\" class=\"aligncenter size-large wp-image-13474\" src=\"https:\/\/ffw-weilersbach.de\/wordpress\/wp-content\/uploads\/2025\/06\/IMG_20230328_171912-700x525.jpg\" alt=\"\" width=\"700\" height=\"525\" srcset=\"https:\/\/ffw-weilersbach.de\/wordpress\/wp-content\/uploads\/2025\/06\/IMG_20230328_171912-700x525.jpg 700w, https:\/\/ffw-weilersbach.de\/wordpress\/wp-content\/uploads\/2025\/06\/IMG_20230328_171912-300x225.jpg 300w, https:\/\/ffw-weilersbach.de\/wordpress\/wp-content\/uploads\/2025\/06\/IMG_20230328_171912-768x576.jpg 768w, https:\/\/ffw-weilersbach.de\/wordpress\/wp-content\/uploads\/2025\/06\/IMG_20230328_171912-1536x1152.jpg 1536w, https:\/\/ffw-weilersbach.de\/wordpress\/wp-content\/uploads\/2025\/06\/IMG_20230328_171912-2048x1536.jpg 2048w\" sizes=\"auto, (max-width: 700px) 100vw, 700px\" \/><\/p>\n<p>&nbsp;<\/p>\n<p>&nbsp;<\/p>\n","protected":false},"excerpt":{"rendered":"<p>&nbsp; Baujahr: ca. 1963, 1977 erweitert und 1996 umgebaut Stellpl\u00e4tze: 4 Ausstattung: Fahrzeughalle, Mannschaftsraum, Schulungsraum, WC Adresse:&nbsp; Hauptstra\u00dfe 26, 91365 Weilersbach &nbsp; &nbsp; Geschichtliches Im Jahre 1963 wurde bei der &hellip; <\/p>\n","protected":false},"author":1,"featured_media":0,"parent":2907,"menu_order":0,"comment_status":"closed","ping_status":"closed","template":"","meta":{"ngg_post_thumbnail":0,"footnotes":""},"class_list":["post-3372","page","type-page","status-publish","hentry"],"_links":{"self":[{"href":"https:\/\/ffw-weilersbach.de\/wordpress\/wp-json\/wp\/v2\/pages\/3372","targetHints":{"allow":["GET"]}}],"collection":[{"href":"https:\/\/ffw-weilersbach.de\/wordpress\/wp-json\/wp\/v2\/pages"}],"about":[{"href":"https:\/\/ffw-weilersbach.de\/wordpress\/wp-json\/wp\/v2\/types\/page"}],"author":[{"embeddable":true,"href":"https:\/\/ffw-weilersbach.de\/wordpress\/wp-json\/wp\/v2\/users\/1"}],"replies":[{"embeddable":true,"href":"https:\/\/ffw-weilersbach.de\/wordpress\/wp-json\/wp\/v2\/comments?post=3372"}],"version-history":[{"count":19,"href":"https:\/\/ffw-weilersbach.de\/wordpress\/wp-json\/wp\/v2\/pages\/3372\/revisions"}],"predecessor-version":[{"id":13478,"href":"https:\/\/ffw-weilersbach.de\/wordpress\/wp-json\/wp\/v2\/pages\/3372\/revisions\/13478"}],"up":[{"embeddable":true,"href":"https:\/\/ffw-weilersbach.de\/wordpress\/wp-json\/wp\/v2\/pages\/2907"}],"wp:attachment":[{"href":"https:\/\/ffw-weilersbach.de\/wordpress\/wp-json\/wp\/v2\/media?parent=3372"}],"curies":[{"name":"wp","href":"https:\/\/api.w.org\/{rel}","templated":true}]}}