{"id":3217,"date":"2014-11-27T12:41:25","date_gmt":"2014-11-27T11:41:25","guid":{"rendered":"http:\/\/www.ffw-weilersbach.de\/wordpress\/?page_id=3217"},"modified":"2025-01-06T13:22:20","modified_gmt":"2025-01-06T12:22:20","slug":"fruehjahrslauf","status":"publish","type":"page","link":"https:\/\/ffw-weilersbach.de\/wordpress\/laufteam-ffw\/fruehjahrslauf-2\/fruehjahrslauf","title":{"rendered":"Fr\u00fchjahrslauf 2015"},"content":{"rendered":"<p>&nbsp;<\/p>\n<p><strong>1. Weilersbacher Fr\u00fchjahrslauf (26.04.2015)<\/strong><\/p>\n<p>Am 26. April 2015 richtet die Feuerwehr Weilersbach den 1. Weilersbacher Fr\u00fchjahrslauf aus. Es werden ein Bambini-, Jugend-, 6km und 10km Lauf ausgerichtet. An diesem Lauf kann nat\u00fcrlich jeder teilnehmen, nicht nur Feuerwehren.<\/p>\n<p>&nbsp;<\/p>\n<p><strong>Ergebnisse und Urkunden<\/strong><\/p>\n<p>Hier geht es zu den Ergebnislisten und Urkunden:<\/p>\n<p><a title=\"Ergebnisse und Urkunden\" href=\"http:\/\/www.sportprogramme.org\/cakespg\/events\/menue\/1659 \" target=\"_blank\">Ergebnisse und Urkunden<\/a><\/p>\n<p>&nbsp;<\/p>\n<p><strong>Bilder<\/strong><\/p>\n<p>&nbsp;<\/p>\n<p><a data-flickr-embed=\"true\"  href=\"https:\/\/www.flickr.com\/gp\/147388934@N05\/63557H\" title=\"1. Weilersbacher Fr\u00fchjahrslauf 2015\"><img loading=\"lazy\" decoding=\"async\" src=\"https:\/\/c1.staticflickr.com\/1\/777\/32567900792_91e05d92f4_z.jpg\" width=\"640\" height=\"424\" alt=\"1. Weilersbacher Fr\u00fchjahrslauf 2015\"\/><\/a><script async src=\"\/\/embedr.flickr.com\/assets\/client-code.js\" charset=\"utf-8\"><\/script><\/p>\n<p>Bilder finden sich im Fotoalbum <a href=\"http:\/\/www.ffw-weilersbach.de\/wordpress\/?page_id=3788&amp;album=6&amp;gallery=20\" target=\"_blank\">Fr\u00fchjahrslauf 2015\/1<\/a> und<\/p>\n<p>im Fotoalbum <a href=\"http:\/\/www.ffw-weilersbach.de\/wordpress\/?page_id=3788&amp;album=6&amp;gallery=21\" target=\"_blank\">1. Weilersbacher Fr\u00fchlingslauf\/2<\/a>.<\/p>\n<p>&nbsp;<\/p>\n<p><strong>Streckenbeschreibung<\/strong><\/p>\n<p>F\u00fcr die Haupl\u00e4ufe, 6km und 10km, gibt es einen Rundkurs durch Weilersbach. Dazu z\u00e4hlt ein 1km langer Anlauf sowie ein 1km langer Auslauf. Eine Runde betr\u00e4gt 4 km, somit muss diese beim 6km Lauf einmal und beim 10km Lauf zweimal bew\u00e4ltigt werden.<\/p>\n<p><a title=\"Streckenbeschreibung\" href=\"http:\/\/fruehjahrslauf.ffw-weilersbach.de\/Streckenbeschreibung.pdf\" target=\"_blank\">Streckenbeschreibung<\/a><\/p>\n<p>&nbsp;<\/p>\n<p><strong>Ausschreibung<\/strong><\/p>\n<p>Die Ausschreibung im PDF Format finden Sie hier: <a title=\"Ausschreibung\" href=\"http:\/\/fruehjahrslauf.ffw-weilersbach.de\/Ausschreibung-Fruehjahrslauf.pdf\" target=\"_blank\">Ausschreibung<\/a><\/p>\n<p>&nbsp;<\/p>\n<p><strong>Weilersbacher Dorfmeisterschaft<\/strong><\/p>\n<p>Informationen zur Weilersbacher Dorfmeisterschaft:<br \/>\n<a title=\"Ausschreibung\" href=\"http:\/\/fruehjahrslauf.ffw-weilersbach.de\/WeilersbacherDorfmeisterschaft.pdf\" target=\"_blank\">Wertung<\/a><br \/>\nDiese Wertung z\u00e4hlt als Zusatzwertung.<\/p>\n<p>&nbsp;<\/p>\n<p><strong>Zuschauer<\/strong><\/p>\n<p>F\u00fcr Moderation und Verpflegung ist im Start- Zielbereich, am Sportplatz Weilersbach, bestens gesorgt.<br \/>\nDer Sportverein Weilersbach sorgt w\u00e4hrend der Veranstaltung am Parkplatz und danach im Sportlerheim, zur Siegerehrung, f\u00fcr Ihr leibliches Wohl.<\/p>\n<p>&nbsp;<\/p>\n<p><strong>Presseberichte<\/strong><\/p>\n<p><a title=\"KFV Forchheim\" href=\"http:\/\/www.kfv-forchheim.de\/presse\/2015\/item\/152-eine-laufgruppe-und-ein-fr%C3%BChjahrslauf.html\" target=\"_blank\">KFV Forchheim<\/a><br \/>\n<a title=\"Brandwacht Bayern\" href=\"http:\/\/www.brandwacht.bayern.de\/ausgaben\/2_2015.htm\" target=\"_blank\">Brandwacht Bayern<\/a><br \/>\n<a title=\"inFranken\" href=\"http:\/\/www.infranken.de\/regionalsport\/forchheim\/Gepackt-vom-Lauf-Fieber;art291,1018200\" target=\"_blank\">inFranken<\/a><br \/>\n<a title=\"Radiobeitrag\" href=\"http:\/\/www.br.de\/radio\/bayern1\/sendungen\/mittags-in-franken\/feuerwehr-fruehjahrslauf-fraenkische-schweiz-100.html\">Radiobeitrag Bayern 1 am 23.04.2015 zwischen 12:00 und 13:00 Uhr<\/a><br \/>\n<a href=\"http:\/\/www.nordbayern.de\/region\/furth-ansbach-und-weilersbach-schnurten-die-laufschuhe-1.4339466\" target=\"_blank\">Nordbayern<\/a><br \/>\n<a href=\"http:\/\/www.nordbayern.de\/region\/forchheim\/gelungener-start-des-1-weilersbacher-fruhjahrslaufes-1.4346139\" target=\"_blank\">Nachbericht Nordbayern<\/a><br \/>\n<a href=\"http:\/\/www.infranken.de\/regionalsport\/forchheim\/Eine-Lauf-Premiere-nach-Mass;art291,1032937\" target=\"_blank\">Nachbericht inFranken<\/a><\/p>\n<p><strong>Kontakt<\/strong><\/p>\n<p>Falls Sie Fragen haben, kontaktieren Sie uns bitte unter der EMail Adresse: fruehjahrslauf [at] ffw-weilersbach.de<\/p>\n<p>&nbsp;<\/p>\n<p><strong>Facebook<\/strong><\/p>\n<p><a href=\"https:\/\/www.facebook.com\/pages\/Weilersbacher-Fr%C3%BChjahrslauf\/737708092987131?sk=timeline&amp;ref=page_internal\"><img loading=\"lazy\" decoding=\"async\" class=\" size-full wp-image-3483 alignleft\" src=\"http:\/\/www.ffw-weilersbach.de\/wordpress\/wp-content\/uploads\/2015\/01\/facebook2.jpg\" alt=\"facebook2\" width=\"135\" height=\"49\" \/><\/a><\/p>\n<p>&nbsp;<\/p>\n<p>&nbsp;<\/p>\n<p><strong>Flyer<\/strong><\/p>\n<p>Den offizielle Lauf-Flyer k\u00f6nnen sie hier runterladen:<br \/>\n<a href=\"http:\/\/www.ffw-weilersbach.de\/wordpress\/wp-content\/uploads\/2014\/11\/Fr\u00fchjahrslauf-Flyer-2-6.pdf\">Fr\u00fchjahrslauf &#8211; Flyer 2-6<\/a><\/p>\n<p>Lauf Event, Lauf Veranstaltung, Laufveranstaltung in Weilersbach, Landkreis Forchheim, Oberfranken, Fr\u00e4nkische Schweiz<\/p>\n","protected":false},"excerpt":{"rendered":"<p>&nbsp; 1. Weilersbacher Fr\u00fchjahrslauf (26.04.2015) Am 26. April 2015 richtet die Feuerwehr Weilersbach den 1. Weilersbacher Fr\u00fchjahrslauf aus. Es werden ein Bambini-, Jugend-, 6km und 10km Lauf ausgerichtet. An diesem &hellip; <\/p>\n","protected":false},"author":9,"featured_media":0,"parent":12592,"menu_order":0,"comment_status":"closed","ping_status":"closed","template":"","meta":{"ngg_post_thumbnail":0,"footnotes":""},"class_list":["post-3217","page","type-page","status-publish","hentry"],"_links":{"self":[{"href":"https:\/\/ffw-weilersbach.de\/wordpress\/wp-json\/wp\/v2\/pages\/3217","targetHints":{"allow":["GET"]}}],"collection":[{"href":"https:\/\/ffw-weilersbach.de\/wordpress\/wp-json\/wp\/v2\/pages"}],"about":[{"href":"https:\/\/ffw-weilersbach.de\/wordpress\/wp-json\/wp\/v2\/types\/page"}],"author":[{"embeddable":true,"href":"https:\/\/ffw-weilersbach.de\/wordpress\/wp-json\/wp\/v2\/users\/9"}],"replies":[{"embeddable":true,"href":"https:\/\/ffw-weilersbach.de\/wordpress\/wp-json\/wp\/v2\/comments?post=3217"}],"version-history":[{"count":44,"href":"https:\/\/ffw-weilersbach.de\/wordpress\/wp-json\/wp\/v2\/pages\/3217\/revisions"}],"predecessor-version":[{"id":4621,"href":"https:\/\/ffw-weilersbach.de\/wordpress\/wp-json\/wp\/v2\/pages\/3217\/revisions\/4621"}],"up":[{"embeddable":true,"href":"https:\/\/ffw-weilersbach.de\/wordpress\/wp-json\/wp\/v2\/pages\/12592"}],"wp:attachment":[{"href":"https:\/\/ffw-weilersbach.de\/wordpress\/wp-json\/wp\/v2\/media?parent=3217"}],"curies":[{"name":"wp","href":"https:\/\/api.w.org\/{rel}","templated":true}]}}