{"id":2955,"date":"2013-12-09T19:00:33","date_gmt":"2013-12-09T18:00:33","guid":{"rendered":"http:\/\/www.ffw-weilersbach.de\/wordpress\/?page_id=2955"},"modified":"2016-09-12T23:50:33","modified_gmt":"2016-09-12T21:50:33","slug":"laufteam-ffw","status":"publish","type":"page","link":"https:\/\/ffw-weilersbach.de\/wordpress\/laufteam-ffw\/laufteam-ffw","title":{"rendered":"Wir \u00dcber Uns"},"content":{"rendered":"<p>Seit \u00a0September 2013 Jahres hat sich eine Laufgruppe der Freiwilligen Feuerwehr Weilersbach gebildet, die regelm\u00e4\u00dfig gemeinsame Laufeinheiten absolviert.<\/p>\n<p>Die Idee kam beim Helferessen des\u00a0 Fr\u00e4nkische Schweiz Marathons 2013, dass man als Feuerwehr Einheit auch die 16km Strecke schaffen sollte.<\/p>\n<p>Anfangs mit nur zwei L\u00e4ufern, ist die Gruppe jetzt schon auf 12 Personen angewachsen. Es w\u00e4re nat\u00fcrlich sch\u00f6n, wenn die Anzahl noch steigen w\u00fcrde.<\/p>\n<p>Seither findet regelm\u00e4\u00dfig (aktuell meistens Sonntag am Vormittag) Training statt. Im Fr\u00fchjahr\/Sommer wird dann nat\u00fcrlich auch unter der Woche gelaufen<\/p>\n<p>Die L\u00e4ufe erstrecken sich aktuell zwischen 8 und 12km und werden in normalem Tempo absolviert, so dass auch Anf\u00e4nger problemlos &#8222;mitkommen&#8220;. Zus\u00e4tzlich soll vor Veranstaltungen ein Trainingsplan abgearbeitet werden.<\/p>\n<h4>\u00a0<img decoding=\"async\" class=\"ngg-singlepic ngg-center aligncenter\" src=\"http:\/\/www.ffw-weilersbach.de\/wordpress\/wp-content\/gallery\/fs-marathon-2014\/20140907_080950.jpg\" alt=\"20140907_080950\" \/><\/h4>\n<p>&nbsp;<\/p>\n<p><img loading=\"lazy\" decoding=\"async\" class=\"ngg-singlepic ngg-center aligncenter\" src=\"http:\/\/www.ffw-weilersbach.de\/wordpress\/wp-content\/gallery\/fs-marathon-2016\/img-20160905-wa0000.jpg\" alt=\"img-20160905-wa0000\" width=\"1600\" height=\"1200\" \/><\/p>\n<h5><\/h5>\n<h5>Mitlaufen kann jedes aktive und passive Mitglied der Feuerwehr, der m\u00f6chte. Einfach kurz bei Stephan Hack oder den Kommandanten Bescheid geben und der n\u00e4chste Termin wird mitgeteilt. Es kann nat\u00fcrlich auch nur an den Trainingsl\u00e4ufen und nicht an den Veranstaltungen mitgelaufen werden.<\/h5>\n<h3><\/h3>\n<h3>Im Vordergrund steht vor allem der Spa\u00df und das gemeinsame Erreichen von Zielen!<\/h3>\n<p>&nbsp;<\/p>\n<p><a href=\"https:\/\/www.facebook.com\/pages\/Weilersbacher-Fr%C3%BChjahrslauf\/737708092987131?sk=timeline&amp;ref=page_internal\" target=\"_blank\"><img loading=\"lazy\" decoding=\"async\" class=\"aligncenter wp-image-3483 size-full\" src=\"http:\/\/www.ffw-weilersbach.de\/wordpress\/wp-content\/uploads\/2015\/01\/facebook2.jpg\" alt=\"facebook2\" width=\"135\" height=\"49\" \/><\/a><\/p>\n<p>&nbsp;<\/p>\n","protected":false},"excerpt":{"rendered":"<p>Seit \u00a0September 2013 Jahres hat sich eine Laufgruppe der Freiwilligen Feuerwehr Weilersbach gebildet, die regelm\u00e4\u00dfig gemeinsame Laufeinheiten absolviert. Die Idee kam beim Helferessen des\u00a0 Fr\u00e4nkische Schweiz Marathons 2013, dass man &hellip; <\/p>\n","protected":false},"author":1,"featured_media":0,"parent":3782,"menu_order":0,"comment_status":"closed","ping_status":"closed","template":"","meta":{"ngg_post_thumbnail":0,"footnotes":""},"class_list":["post-2955","page","type-page","status-publish","hentry"],"_links":{"self":[{"href":"https:\/\/ffw-weilersbach.de\/wordpress\/wp-json\/wp\/v2\/pages\/2955","targetHints":{"allow":["GET"]}}],"collection":[{"href":"https:\/\/ffw-weilersbach.de\/wordpress\/wp-json\/wp\/v2\/pages"}],"about":[{"href":"https:\/\/ffw-weilersbach.de\/wordpress\/wp-json\/wp\/v2\/types\/page"}],"author":[{"embeddable":true,"href":"https:\/\/ffw-weilersbach.de\/wordpress\/wp-json\/wp\/v2\/users\/1"}],"replies":[{"embeddable":true,"href":"https:\/\/ffw-weilersbach.de\/wordpress\/wp-json\/wp\/v2\/comments?post=2955"}],"version-history":[{"count":27,"href":"https:\/\/ffw-weilersbach.de\/wordpress\/wp-json\/wp\/v2\/pages\/2955\/revisions"}],"predecessor-version":[{"id":4493,"href":"https:\/\/ffw-weilersbach.de\/wordpress\/wp-json\/wp\/v2\/pages\/2955\/revisions\/4493"}],"up":[{"embeddable":true,"href":"https:\/\/ffw-weilersbach.de\/wordpress\/wp-json\/wp\/v2\/pages\/3782"}],"wp:attachment":[{"href":"https:\/\/ffw-weilersbach.de\/wordpress\/wp-json\/wp\/v2\/media?parent=2955"}],"curies":[{"name":"wp","href":"https:\/\/api.w.org\/{rel}","templated":true}]}}