{"id":198,"date":"2015-01-03T18:53:30","date_gmt":"2015-01-03T17:53:30","guid":{"rendered":"http:\/\/www.ffw-weilersbach.de\/wordpress\/?page_id=198"},"modified":"2024-09-06T09:56:12","modified_gmt":"2024-09-06T07:56:12","slug":"impressum","status":"publish","type":"page","link":"https:\/\/ffw-weilersbach.de\/wordpress\/impressum","title":{"rendered":"Impressum"},"content":{"rendered":"<div class=\"page-header\">\n<h2>Impressum<\/h2>\n<\/div>\n<div>\n<h2>Angaben gem\u00e4\u00df \u00a7 5 TMG:<\/h2>\n<p>Freiwillige Feuerwehr Weilersbach e. V.<br \/>\nHauptstra\u00dfe 26<br \/>\n91365 Weilersbach<\/p>\n<h2>Vertreten durch:<\/h2>\n<p>1. Vorsitzender Stephan Hack<\/p>\n<h2>Kontakt:<\/h2>\n<table>\n<tbody>\n<tr>\n<td colspan=\"1\" rowspan=\"1\">Telefon:<\/td>\n<td colspan=\"1\" rowspan=\"1\">09191-94950<\/td>\n<\/tr>\n<\/tbody>\n<\/table>\n<h2>Verantwortlich f\u00fcr den Inhalt nach \u00a7 55 Abs. 2 RStV:<\/h2>\n<p>Kommandant Michael Henkel<br \/>\nFeuerwehr Weilersbach<br \/>\nHauptstra\u00dfe 26<br \/>\n91365 Weilersbach<\/p>\n<h2>Quellenangaben f\u00fcr die verwendeten Bilder und Grafiken:<\/h2>\n<p>Die Rechte aller hier dargestellten Bilder liegen, soweit keine andere Quelle angegeben ist, bei der Feuerwehr Weilersbach.<\/p>\n<p>Quelle: <em><a href=\"http:\/\/www.e-recht24.de\">http:\/\/www.e-recht24.de<\/a><\/em><\/p>\n<hr \/>\n<h1>Haftungsausschluss (Disclaimer)<\/h1>\n<p><strong>Haftung f\u00fcr Inhalte<\/strong><\/p>\n<p>Als Diensteanbieter sind wir gem\u00e4\u00df \u00a7 7 Abs.1 TMG f\u00fcr eigene Inhalte auf diesen Seiten nach den allgemeinen Gesetzen verantwortlich. Nach \u00a7\u00a7 8 bis 10 TMG sind wir als Diensteanbieter jedoch nicht verpflichtet, \u00fcbermittelte oder gespeicherte fremde Informationen zu \u00fcberwachen oder nach Umst\u00e4nden zu forschen, die auf eine rechtswidrige T\u00e4tigkeit hinweisen. Verpflichtungen zur Entfernung oder Sperrung der Nutzung von Informationen nach den allgemeinen Gesetzen bleiben hiervon unber\u00fchrt. Eine diesbez\u00fcgliche Haftung ist jedoch erst ab dem Zeitpunkt der Kenntnis einer konkreten Rechtsverletzung m\u00f6glich. Bei Bekanntwerden von entsprechenden Rechtsverletzungen werden wir diese Inhalte umgehend entfernen.<\/p>\n<p><strong>Haftung f\u00fcr Links<\/strong><\/p>\n<p>Unser Angebot enth\u00e4lt Links zu externen Webseiten Dritter, auf deren Inhalte wir keinen Einfluss haben. Deshalb k\u00f6nnen wir f\u00fcr diese fremden Inhalte auch keine Gew\u00e4hr \u00fcbernehmen. F\u00fcr die Inhalte der verlinkten Seiten ist stets der jeweilige Anbieter oder Betreiber der Seiten verantwortlich. Die verlinkten Seiten wurden zum Zeitpunkt der Verlinkung auf m\u00f6gliche Rechtsverst\u00f6\u00dfe \u00fcberpr\u00fcft. Rechtswidrige Inhalte waren zum Zeitpunkt der Verlinkung nicht erkennbar. Eine permanente inhaltliche Kontrolle der verlinkten Seiten ist jedoch ohne konkrete Anhaltspunkte einer Rechtsverletzung nicht zumutbar. Bei Bekanntwerden von Rechtsverletzungen werden wir derartige Links umgehend entfernen.<\/p>\n<p><strong>Urheberrecht<\/strong><\/p>\n<p>Die durch die Seitenbetreiber erstellten Inhalte und Werke auf diesen Seiten unterliegen dem deutschen Urheberrecht. Die Vervielf\u00e4ltigung, Bearbeitung, Verbreitung und jede Art der Verwertung au\u00dferhalb der Grenzen des Urheberrechtes bed\u00fcrfen der schriftlichen Zustimmung des jeweiligen Autors bzw. Erstellers. Downloads und Kopien dieser Seite sind nur f\u00fcr den privaten, nicht kommerziellen Gebrauch gestattet. Soweit die Inhalte auf dieser Seite nicht vom Betreiber erstellt wurden, werden die Urheberrechte Dritter beachtet. Insbesondere werden Inhalte Dritter als solche gekennzeichnet. Sollten Sie trotzdem auf eine Urheberrechtsverletzung aufmerksam werden, bitten wir um einen entsprechenden Hinweis. Bei Bekanntwerden von Rechtsverletzungen werden wir derartige Inhalte umgehend entfernen.\n<\/p><\/div>\n<p><span style=\"font-family:Arial,Helvetica,sans-serif;\">Verantwortlich f\u00fcr den Inhalt (Herausgeber)<\/span><\/p>\n<p><strong>Freiwillige Feuerwehr Weilersbach<\/strong><\/p>\n<p><strong>Hauptstra\u00dfe 26<\/strong><br \/>\n<strong>91365 Weilersbach<\/strong><\/p>\n<p><strong>09191 \/ 94950<\/strong><\/p>\n<p align=\"center\" style=\"text-align:left;\"><span style=\"font-family:Arial,Helvetica,sans-serif;\">Alle Rechte vorbehalten.<\/span><\/p>\n<p><span style=\"font-family:Arial,Helvetica,sans-serif;\">Mit Kommentaren und R\u00fcckfragen zu dieser Website wenden Sie sich bitte an folgende E-Mailadresse: <strong>info(at)ffw-weilersbach.de<\/strong><\/span><\/p>\n<p align=\"center\"><span style=\"font-family:Arial,Helvetica,sans-serif;\"><b>Keine Haftung f\u00fcr Links (Links = Verweise zu anderen Seiten)<\/b><\/span><\/p>\n<p align=\"left\"><span style=\"font-family:Arial,Helvetica,sans-serif;\">F\u00fcr alle in dieser Web-Site enthaltenen Links zu anderen Seiten im Internet gilt: Der Herausgeber betont ausdr\u00fccklich, dass er keinerlei Einfluss auf die Gestaltung und die Inhalte der gelinkten Seiten hat. Deshalb distanziert sich der Herausgeber hiermit ausdr\u00fccklich von allen Inhalten aller gelinkten Seiten. Die Die W\u00e4hlergruppe Buergerrecht- Einigkeit- Freie unabh\u00e4ngige W\u00e4hler- Weilersbach ist als Inhalteanbieter (Content provider) nach \u00a7 5 Abs. 1 des Teledienstegesetzes (TDG) bzw. \u00a7 5 Mediendienstestaatsvertrag (MDStV) f\u00fcr die \u201eeigenen Inhalte\u201c, die sie zur Nutzung bereith\u00e4lt, verantwortlich. Von diesen eigenen Inhalten sind Querverweise (\u201eLinks\u201c) auf die von anderen Anbietern bereitgehaltenen Inhalte zu unterscheiden. Durch Querverweise h\u00e4lt der Herausgeber \u201efremde Inhalte\u201c zur Nutzung bereit, die durch den Hinweis [LINK] gekennzeichnet sind. Der Herausgeber hat bei der erstmaligen Verkn\u00fcpfung die fremden Inhalte gesichtet. Bei Links handelt es sich allerdings um \u201elebende\u201c (dynamische) Verweisungen, die fremden Inhalte k\u00f6nnen deshalb ge\u00e4ndert worden sein, ohne dass der Herausgeber hiervon Kenntnis hat.<\/span><\/p>\n<p align=\"left\"><span style=\"font-family:Arial,Helvetica,sans-serif;\">Diese Erkl\u00e4rung gilt f\u00fcr alle ausgebrachten Links, sowie f\u00fcr alle Inhalte der Seiten, zu denen Banner f\u00fchren. Wir danken f\u00fcr Ihr Verst\u00e4ndnis.<\/span><\/p>\n<p align=\"center\"><span style=\"font-family:Arial,Helvetica,sans-serif;\"><b>Haftungsausschluss<\/b><\/span><\/p>\n<p align=\"left\"><span style=\"font-family:Arial,Helvetica,sans-serif;\">Obwohl bei der Zusammenstellung der auf unseren Web-Seiten enthaltenen Informationen gr\u00f6\u00dfte Sorgfalt angewandt wurde, kann der Herausgeber nicht f\u00fcr deren Korrektheit garantieren. In keinem Fall kann der Herausgeber noch dessen Erf\u00fcllungsgehilfen f\u00fcr etwaige Sch\u00e4den irgendwelcher Art verantwortlich gemacht werden, die durch die Benutzung oder im Zusammenhang mit der Benutzung der hier bereitgestellten Informationen entstehen, seien es direkte oder indirekte Sch\u00e4den,<br \/>\nFolgesch\u00e4den oder Sondersch\u00e4den einschlie\u00dflich entgangenen Gewinns, oder Sch\u00e4den, die aus dem Verlust von Daten entstehen.<\/span><\/p>\n<p align=\"left\"><span style=\"font-family:Arial,Helvetica,sans-serif;\">Dies gilt selbst dann, wenn ein Vertreter des Herausgebers auf die M\u00f6glichkeit solcher Sch\u00e4den hingewiesen wurde. Der Herausgeber beh\u00e4lt sich die \u00c4nderung der hier bereitgestellten Informationen, die unverbindlich zur Verf\u00fcgung gestellt werden, ohne vorherige Ank\u00fcndigung vor. Dieser Haftungsausschluss ist als Teil des Internetangebotes zu betrachten, von dem aus auf diese Seite verwiesen wurde. Sofern Teile oder einzelne Formulierungen dieses Textes der geltenden Rechtslage nicht, nicht mehr oder nicht vollst\u00e4ndig entsprechen sollten, bleiben die \u00fcbrigen Teile des Dokumentes in ihrem Inhalt und ihrer G\u00fcltigkeit davon unber\u00fchrt.<\/span><\/p>\n<p align=\"center\"><span style=\"font-family:Arial,Helvetica,sans-serif;\"><b>Marken<\/b><\/span><\/p>\n<p><span style=\"font-family:Arial,Helvetica,sans-serif;\">Die Namen der in dieser Website verwendeten Firmen- und Produktnamen sind m\u00f6glicherweise Marken der jeweiligen Eigent\u00fcmer.<\/span><\/p>\n<p align=\"center\"><span style=\"font-family:Arial,Helvetica,sans-serif;\"><br \/>\n<b>Urheberrecht (Copyright)<\/b><\/span><\/p>\n<p align=\"left\"><span style=\"font-family:Arial,Helvetica,sans-serif;\">Der\/die Ersteller dieser Seiten (Autor) sind bestrebt, in allen Publikationen die Urheberrechte der verwendeten Grafiken, Sounds und Texte zu beachten, selbst erstellte Grafiken, Sounds und Texte zu nutzen oder auf entsprechende lizenzfreie Elemente zur\u00fcckzugreifen. Sollte sich auf den jeweiligen Seiten dennoch eine ungekennzeichnete, aber durch fremdes Copyright gesch\u00fctzte Grafik, ein Sound oder Text befinden, so konnte das Copyright vom Autor nicht festgestellt werden.<\/span><\/p>\n<p><span style=\"font-family:Arial,Helvetica,sans-serif;\">Im Falle einer solchen unbeabsichtigten Copyrightverletzung wird der Autor das entsprechende Element nach Benachrichtigung entfernen bzw. mit dem entsprechenden Copyright kenntlich machen. Das Copyright f\u00fcr ver\u00f6ffentlichte, vom Autor selbst erstellte Objekte bleibt allein beim Autor der Seiten. Eine Vervielf\u00e4ltigung oder Verwendung solcher Grafiken,<br \/>\nSounds oder Texte in anderen elektronischen oder gedruckten Publikationen ist ohne ausdr\u00fcckliche Zustimmung des Autors nicht gestattet.<\/span><\/p>\n<p align=\"center\"><span style=\"font-family:Arial,Helvetica,sans-serif;\"><b>Datenschutzhinweise<\/b><\/span><\/p>\n<p align=\"left\"><span style=\"font-family:Arial,Helvetica,sans-serif;\">Mit Ihrem Zugriff auf diese Web-Site werden Ihre um die letzte Zahl verk\u00fcrzte IP-Adresse und weitere Angaben (Datum, Uhrzeit, betrachtete Seite) auf unserem Server f\u00fcr Zwecke der Datensicherheit f\u00fcr zwei Monate gespeichert. Die Daten werden au\u00dferdem f\u00fcr statistische Zwecke ausgewertet. Durch die Verk\u00fcrzung der IP-Adresse ist ein Bezug der gespeicherten Daten auf Ihre Person ausgeschlossen.<\/span><\/p>\n","protected":false},"excerpt":{"rendered":"<p>Impressum Angaben gem\u00e4\u00df \u00a7 5 TMG: Freiwillige Feuerwehr Weilersbach e. V. Hauptstra\u00dfe 26 91365 Weilersbach Vertreten durch: 1. Vorsitzender Stephan Hack Kontakt: Telefon: 09191-94950 Verantwortlich f\u00fcr den Inhalt nach \u00a7 &hellip; <\/p>\n","protected":false},"author":9,"featured_media":0,"parent":0,"menu_order":9,"comment_status":"closed","ping_status":"closed","template":"","meta":{"ngg_post_thumbnail":0,"footnotes":""},"class_list":["post-198","page","type-page","status-publish","hentry"],"_links":{"self":[{"href":"https:\/\/ffw-weilersbach.de\/wordpress\/wp-json\/wp\/v2\/pages\/198","targetHints":{"allow":["GET"]}}],"collection":[{"href":"https:\/\/ffw-weilersbach.de\/wordpress\/wp-json\/wp\/v2\/pages"}],"about":[{"href":"https:\/\/ffw-weilersbach.de\/wordpress\/wp-json\/wp\/v2\/types\/page"}],"author":[{"embeddable":true,"href":"https:\/\/ffw-weilersbach.de\/wordpress\/wp-json\/wp\/v2\/users\/9"}],"replies":[{"embeddable":true,"href":"https:\/\/ffw-weilersbach.de\/wordpress\/wp-json\/wp\/v2\/comments?post=198"}],"version-history":[{"count":10,"href":"https:\/\/ffw-weilersbach.de\/wordpress\/wp-json\/wp\/v2\/pages\/198\/revisions"}],"predecessor-version":[{"id":12344,"href":"https:\/\/ffw-weilersbach.de\/wordpress\/wp-json\/wp\/v2\/pages\/198\/revisions\/12344"}],"wp:attachment":[{"href":"https:\/\/ffw-weilersbach.de\/wordpress\/wp-json\/wp\/v2\/media?parent=198"}],"curies":[{"name":"wp","href":"https:\/\/api.w.org\/{rel}","templated":true}]}}