{"id":12387,"date":"2024-11-04T20:41:45","date_gmt":"2024-11-04T19:41:45","guid":{"rendered":"https:\/\/ffw-weilersbach.de\/wordpress\/?page_id=12387"},"modified":"2025-04-22T13:25:30","modified_gmt":"2025-04-22T11:25:30","slug":"fruehjahrslauf-2025","status":"publish","type":"page","link":"https:\/\/ffw-weilersbach.de\/wordpress\/laufteam-ffw\/fruehjahrslauf-2\/fruehjahrslauf-2025","title":{"rendered":"Fr\u00fchjahrslauf 2025"},"content":{"rendered":"<h1><a href=\"https:\/\/www.wkm-iad.de\/wk_ergebnisse.php?wknr=348\" target=\"_blank\" rel=\"noopener\">Ergebnisse<\/a><\/h1>\nngg_shortcode_0_placeholder\n<p><strong>9. Weilersbacher Fr\u00fchjahrslauf (Samstag, 05.04.2025)<\/strong><\/p>\n<p>Am Samstag, den 05. April 2025 richtet die Feuerwehr Weilersbach den 9. Weilersbacher Fr\u00fchjahrslauf im Jubil\u00e4umsjahr aus. An diesem Lauf kann nat\u00fcrlich jeder teilnehmen, nicht nur Feuerwehren.<\/p>\n<p><em>Wer sich innerhalb der offiziellen Anmeldezeit f\u00fcr den Lauf anmeldet erh\u00e4lt eine personalisierte Startnummer.<\/em><\/p>\n<p><strong>Ausschreibung<\/strong><\/p>\n<p><a href=\"https:\/\/ffw-weilersbach.de\/fruehjahrslauf\/Ausschreibung-Fruehjahrslauf-25.pdf\" target=\"_blank\" rel=\"noopener\">Ausschreibung-Fruehjahrslauf<\/a><\/p>\n<p><strong>Anmeldung<\/strong><\/p>\n<p><a href=\"https:\/\/www.wkm-iad.de\/fjl25_oam.php\" target=\"_blank\" rel=\"noopener\">Hier geht&#8217;s zur Anmeldung<\/a><\/p>\n<p><a href=\"http:\/\/www.wkm-iad.de\/wk_teilnehmer.php?wknr=348\" target=\"_blank\" rel=\"noopener\">Teilnehmerliste<\/a><\/p>\n<p><strong>Streckenbeschreibung<\/strong><\/p>\n<p>F\u00fcr die Haupl\u00e4ufe, 6km, 10km und Nordic Walking, gibt es einen Rundkurs durch Weilersbach. Dazu z\u00e4hlt ein 1km langer Anlauf sowie ein 1km langer Auslauf. Eine Runde betr\u00e4gt 4 km, somit muss diese beim 6km Lauf und beim Nordic Walking einmal und beim 10km Lauf zweimal bew\u00e4ltigt werden.<\/p>\n<p><a title=\"Streckenbeschreibung\" href=\"http:\/\/fruehjahrslauf.ffw-weilersbach.de\/Streckenbeschreibung.pdf\" target=\"_blank\" rel=\"noopener noreferrer\">Streckenbeschreibung<\/a><\/p>\n<p><strong>Partnerl\u00e4ufe<\/strong><\/p>\n<p><a href=\"https:\/\/www.wiesent-challenge.de\/\" target=\"_blank\" rel=\"noopener\">Wiesent Challenge<\/a><\/p>\n<p><a href=\"https:\/\/www.neunkirchner-sommerlauf.de\/\" target=\"_blank\" rel=\"noopener\">Neunkirchner Sommerlauf<\/a><\/p>\n<p><img loading=\"lazy\" decoding=\"async\" class=\"alignnone wp-image-12786\" src=\"https:\/\/ffw-weilersbach.de\/wordpress\/wp-content\/uploads\/2025\/03\/1000084676.jpg\" alt=\"\" width=\"319\" height=\"443\" srcset=\"https:\/\/ffw-weilersbach.de\/wordpress\/wp-content\/uploads\/2025\/03\/1000084676.jpg 1311w, https:\/\/ffw-weilersbach.de\/wordpress\/wp-content\/uploads\/2025\/03\/1000084676-216x300.jpg 216w, https:\/\/ffw-weilersbach.de\/wordpress\/wp-content\/uploads\/2025\/03\/1000084676-700x971.jpg 700w, https:\/\/ffw-weilersbach.de\/wordpress\/wp-content\/uploads\/2025\/03\/1000084676-768x1066.jpg 768w, https:\/\/ffw-weilersbach.de\/wordpress\/wp-content\/uploads\/2025\/03\/1000084676-1107x1536.jpg 1107w\" sizes=\"auto, (max-width: 319px) 100vw, 319px\" \/><\/p>\n<p><img loading=\"lazy\" decoding=\"async\" class=\"alignnone wp-image-12787\" src=\"https:\/\/ffw-weilersbach.de\/wordpress\/wp-content\/uploads\/2025\/03\/1000084677.jpg\" alt=\"\" width=\"319\" height=\"442\" srcset=\"https:\/\/ffw-weilersbach.de\/wordpress\/wp-content\/uploads\/2025\/03\/1000084677.jpg 1311w, https:\/\/ffw-weilersbach.de\/wordpress\/wp-content\/uploads\/2025\/03\/1000084677-216x300.jpg 216w, https:\/\/ffw-weilersbach.de\/wordpress\/wp-content\/uploads\/2025\/03\/1000084677-700x971.jpg 700w, https:\/\/ffw-weilersbach.de\/wordpress\/wp-content\/uploads\/2025\/03\/1000084677-768x1066.jpg 768w, https:\/\/ffw-weilersbach.de\/wordpress\/wp-content\/uploads\/2025\/03\/1000084677-1107x1536.jpg 1107w\" sizes=\"auto, (max-width: 319px) 100vw, 319px\" \/><\/p>\n<p><strong>Sponsoren<\/strong><\/p>\n<p><img loading=\"lazy\" decoding=\"async\" class=\"aligncenter size-large wp-image-12623\" src=\"https:\/\/ffw-weilersbach.de\/wordpress\/wp-content\/uploads\/2025\/01\/Flyer_Fruehjahrslauf_2025_Vorderseite-700x990.png\" alt=\"\" width=\"700\" height=\"990\" srcset=\"https:\/\/ffw-weilersbach.de\/wordpress\/wp-content\/uploads\/2025\/01\/Flyer_Fruehjahrslauf_2025_Vorderseite-700x990.png 700w, https:\/\/ffw-weilersbach.de\/wordpress\/wp-content\/uploads\/2025\/01\/Flyer_Fruehjahrslauf_2025_Vorderseite-212x300.png 212w, https:\/\/ffw-weilersbach.de\/wordpress\/wp-content\/uploads\/2025\/01\/Flyer_Fruehjahrslauf_2025_Vorderseite-768x1086.png 768w, https:\/\/ffw-weilersbach.de\/wordpress\/wp-content\/uploads\/2025\/01\/Flyer_Fruehjahrslauf_2025_Vorderseite-1086x1536.png 1086w, https:\/\/ffw-weilersbach.de\/wordpress\/wp-content\/uploads\/2025\/01\/Flyer_Fruehjahrslauf_2025_Vorderseite.png 1414w\" sizes=\"auto, (max-width: 700px) 100vw, 700px\" \/><\/p>\n","protected":false},"excerpt":{"rendered":"<p>Ergebnisse &nbsp; 9. Weilersbacher Fr\u00fchjahrslauf (Samstag, 05.04.2025) Am Samstag, den 05. April 2025 richtet die Feuerwehr Weilersbach den 9. Weilersbacher Fr\u00fchjahrslauf im Jubil\u00e4umsjahr aus. An diesem Lauf kann nat\u00fcrlich jeder &hellip; <\/p>\n","protected":false},"author":9,"featured_media":0,"parent":12592,"menu_order":0,"comment_status":"closed","ping_status":"closed","template":"","meta":{"ngg_post_thumbnail":0,"footnotes":""},"class_list":["post-12387","page","type-page","status-publish","hentry"],"_links":{"self":[{"href":"https:\/\/ffw-weilersbach.de\/wordpress\/wp-json\/wp\/v2\/pages\/12387","targetHints":{"allow":["GET"]}}],"collection":[{"href":"https:\/\/ffw-weilersbach.de\/wordpress\/wp-json\/wp\/v2\/pages"}],"about":[{"href":"https:\/\/ffw-weilersbach.de\/wordpress\/wp-json\/wp\/v2\/types\/page"}],"author":[{"embeddable":true,"href":"https:\/\/ffw-weilersbach.de\/wordpress\/wp-json\/wp\/v2\/users\/9"}],"replies":[{"embeddable":true,"href":"https:\/\/ffw-weilersbach.de\/wordpress\/wp-json\/wp\/v2\/comments?post=12387"}],"version-history":[{"count":11,"href":"https:\/\/ffw-weilersbach.de\/wordpress\/wp-json\/wp\/v2\/pages\/12387\/revisions"}],"predecessor-version":[{"id":13379,"href":"https:\/\/ffw-weilersbach.de\/wordpress\/wp-json\/wp\/v2\/pages\/12387\/revisions\/13379"}],"up":[{"embeddable":true,"href":"https:\/\/ffw-weilersbach.de\/wordpress\/wp-json\/wp\/v2\/pages\/12592"}],"wp:attachment":[{"href":"https:\/\/ffw-weilersbach.de\/wordpress\/wp-json\/wp\/v2\/media?parent=12387"}],"curies":[{"name":"wp","href":"https:\/\/api.w.org\/{rel}","templated":true}]}}